{"id":2018,"date":"2024-04-29T11:25:50","date_gmt":"2024-04-29T15:25:50","guid":{"rendered":"https:\/\/westendmetals.ca\/produits\/metal-roofing-cladding\/"},"modified":"2024-05-27T09:18:21","modified_gmt":"2024-05-27T13:18:21","slug":"toiture-et-revetement-metallique","status":"publish","type":"page","link":"https:\/\/westendmetals.ca\/fr\/produits\/toiture-et-revetement-metallique\/","title":{"rendered":"Toiture et rev\u00eatement m\u00e9tallique"},"content":{"rendered":"\t\t<div data-elementor-type=\"wp-page\" data-elementor-id=\"2018\" class=\"elementor elementor-2018 elementor-1196\" data-elementor-post-type=\"page\">\n\t\t\t\t<div class=\"elementor-element elementor-element-ac9d0f0 e-flex e-con-boxed e-con e-parent\" data-id=\"ac9d0f0\" data-element_type=\"container\" data-e-type=\"container\" data-settings=\"{&quot;background_background&quot;:&quot;classic&quot;}\">\n\t\t\t\t\t<div class=\"e-con-inner\">\n\t\t<div class=\"elementor-element elementor-element-91a0a37 e-flex e-con-boxed e-con e-child\" data-id=\"91a0a37\" data-element_type=\"container\" data-e-type=\"container\">\n\t\t\t\t\t<div class=\"e-con-inner\">\n\t\t\t\t<div class=\"elementor-element elementor-element-87ef207 elementor-widget elementor-widget-text-editor\" data-id=\"87ef207\" data-element_type=\"widget\" data-e-type=\"widget\" data-widget_type=\"text-editor.default\">\n\t\t\t\t<div class=\"elementor-widget-container\">\n\t\t\t\t\t\t\t\t\t<nav  aria-label=\"Fil d&#039;Ariane\"><ol class=\"breadcrumb\" itemscope itemtype=\"https:\/\/schema.org\/BreadcrumbList\"><li class=\"breadcrumb-item active\" aria-current=\"page\" itemprop=\"itemListElement\" itemscope itemtype=\"https:\/\/schema.org\/ListItem\"><span itemprop=\"name\">Accueil<\/span><meta itemprop=\"position\" content=\"1\"><\/li><\/ol><\/nav>\t\t\t\t\t\t\t\t<\/div>\n\t\t\t\t<\/div>\n\t\t\t\t\t<\/div>\n\t\t\t\t<\/div>\n\t\t\t\t\t<\/div>\n\t\t\t\t<\/div>\n\t\t<div class=\"elementor-element elementor-element-2d5dfb8 e-flex e-con-boxed e-con e-parent\" data-id=\"2d5dfb8\" data-element_type=\"container\" data-e-type=\"container\" data-settings=\"{&quot;background_background&quot;:&quot;classic&quot;}\">\n\t\t\t\t\t<div class=\"e-con-inner\">\n\t\t<div class=\"elementor-element elementor-element-9f73491 e-con-full e-flex e-con e-child\" data-id=\"9f73491\" data-element_type=\"container\" data-e-type=\"container\" data-settings=\"{&quot;background_background&quot;:&quot;classic&quot;}\">\n\t\t<div class=\"elementor-element elementor-element-c9455cf e-con-full e-flex e-con e-child\" data-id=\"c9455cf\" data-element_type=\"container\" data-e-type=\"container\" data-settings=\"{&quot;background_background&quot;:&quot;classic&quot;}\">\n\t\t<div class=\"elementor-element elementor-element-7f06ee5 bg_gradient_light_blue e-con-full e-flex e-con e-child\" data-id=\"7f06ee5\" data-element_type=\"container\" data-e-type=\"container\" data-settings=\"{&quot;position&quot;:&quot;absolute&quot;}\">\n\t\t\t\t<div class=\"elementor-element elementor-element-0197eac elementor-widget elementor-widget-image\" data-id=\"0197eac\" data-element_type=\"widget\" data-e-type=\"widget\" data-widget_type=\"image.default\">\n\t\t\t\t<div class=\"elementor-widget-container\">\n\t\t\t\t\t\t\t\t\t\t\t\t\t\t\t<img fetchpriority=\"high\" decoding=\"async\" width=\"800\" height=\"494\" src=\"https:\/\/westendmetals.ca\/wp-content\/uploads\/2024\/04\/Metal-roofing.svg\" class=\"attachment-large size-large wp-image-1882\" alt=\"\" \/>\t\t\t\t\t\t\t\t\t\t\t\t\t\t\t<\/div>\n\t\t\t\t<\/div>\n\t\t\t\t<\/div>\n\t\t\t\t<\/div>\n\t\t<div class=\"elementor-element elementor-element-91cd1f8 e-con-full elementor-hidden-tablet elementor-hidden-mobile_extra elementor-hidden-mobile e-flex e-con e-child\" data-id=\"91cd1f8\" data-element_type=\"container\" data-e-type=\"container\" data-settings=\"{&quot;background_background&quot;:&quot;classic&quot;}\">\n\t\t\t\t<\/div>\n\t\t\t\t<\/div>\n\t\t<div class=\"elementor-element elementor-element-e9fcfea e-con-full e-flex e-con e-child\" data-id=\"e9fcfea\" data-element_type=\"container\" data-e-type=\"container\">\n\t\t\t\t<div class=\"elementor-element elementor-element-25d226b elementor-widget elementor-widget-text-editor\" data-id=\"25d226b\" data-element_type=\"widget\" data-e-type=\"widget\" data-widget_type=\"text-editor.default\">\n\t\t\t\t<div class=\"elementor-widget-container\">\n\t\t\t\t\t\t\t\t\tProduits\t\t\t\t\t\t\t\t<\/div>\n\t\t\t\t<\/div>\n\t\t\t\t<div class=\"elementor-element elementor-element-a73408d elementor-widget__width-initial elementor-widget-mobile__width-inherit elementor-widget elementor-widget-heading\" data-id=\"a73408d\" data-element_type=\"widget\" data-e-type=\"widget\" data-widget_type=\"heading.default\">\n\t\t\t\t<div class=\"elementor-widget-container\">\n\t\t\t\t\t<h2 class=\"elementor-heading-title elementor-size-default\">Toiture et rev\u00eatement m\u00e9tallique<\/h2>\t\t\t\t<\/div>\n\t\t\t\t<\/div>\n\t\t\t\t<div class=\"elementor-element elementor-element-c6adee8 elementor-widget elementor-widget-text-editor\" data-id=\"c6adee8\" data-element_type=\"widget\" data-e-type=\"widget\" data-widget_type=\"text-editor.default\">\n\t\t\t\t<div class=\"elementor-widget-container\">\n\t\t\t\t\t\t\t\t\t<p>Rehaussez la durabilit\u00e9 et l&rsquo;attrait esth\u00e9tique de votre propri\u00e9t\u00e9 avec nos solutions de toiture et de rev\u00eatement m\u00e9talliques de qualit\u00e9 sup\u00e9rieure. Notre s\u00e9lection \u00e9tendue, allant des bardeaux d&rsquo;acier robustes aux panneaux m\u00e9talliques \u00e0 vis cach\u00e9es et apparentes, est con\u00e7ue pour r\u00e9pondre \u00e0 divers styles architecturaux et pr\u00e9f\u00e9rences. Chaque produit est con\u00e7u pour durer, garantissant que votre investissement am\u00e9liore \u00e0 la fois la fonctionnalit\u00e9 et l&rsquo;attrait de votre b\u00e2timent. Explorez nos options polyvalentes pour trouver la solution parfaite pour votre projet de construction ou de r\u00e9novation.<\/p>\t\t\t\t\t\t\t\t<\/div>\n\t\t\t\t<\/div>\n\t\t\t\t<div class=\"elementor-element elementor-element-b581102 elementor-icon-list--layout-traditional elementor-list-item-link-full_width elementor-widget elementor-widget-icon-list\" data-id=\"b581102\" data-element_type=\"widget\" data-e-type=\"widget\" data-widget_type=\"icon-list.default\">\n\t\t\t\t<div class=\"elementor-widget-container\">\n\t\t\t\t\t\t\t<ul class=\"elementor-icon-list-items\">\n\t\t\t\t\t\t\t<li class=\"elementor-icon-list-item\">\n\t\t\t\t\t\t\t\t\t\t\t<span class=\"elementor-icon-list-icon\">\n\t\t\t\t\t\t\t<svg xmlns=\"http:\/\/www.w3.org\/2000\/svg\" width=\"21.912\" height=\"21.212\" viewBox=\"0 0 21.912 21.212\"><path id=\"np_arrow_3134103_000000\" d=\"M13.456,2.5A11.138,11.138,0,0,0,5.709,5.607a10.366,10.366,0,0,0,0,15,11.211,11.211,0,0,0,15.493,0,10.366,10.366,0,0,0,0-15A11.138,11.138,0,0,0,13.456,2.5Zm5.386,11.537L14.69,18.056a1.336,1.336,0,0,1-1.845,0,1.234,1.234,0,0,1,0-1.786l1.995-1.914H8.991a1.26,1.26,0,1,1,0-2.519h5.821l-1.962-1.9a1.234,1.234,0,0,1,0-1.786,1.335,1.335,0,0,1,1.845,0l4.152,4.019a1.228,1.228,0,0,1,.376.938v.04a1.236,1.236,0,0,1-.38.891Z\" transform=\"translate(-2.5 -2.5)\" fill=\"#c2a181\"><\/path><\/svg>\t\t\t\t\t\t<\/span>\n\t\t\t\t\t\t\t\t\t\t<span class=\"elementor-icon-list-text\">Bardeaux d'acier<\/span>\n\t\t\t\t\t\t\t\t\t<\/li>\n\t\t\t\t\t\t\t\t<li class=\"elementor-icon-list-item\">\n\t\t\t\t\t\t\t\t\t\t\t<span class=\"elementor-icon-list-icon\">\n\t\t\t\t\t\t\t<svg xmlns=\"http:\/\/www.w3.org\/2000\/svg\" width=\"21.912\" height=\"21.212\" viewBox=\"0 0 21.912 21.212\"><path id=\"np_arrow_3134103_000000\" d=\"M13.456,2.5A11.138,11.138,0,0,0,5.709,5.607a10.366,10.366,0,0,0,0,15,11.211,11.211,0,0,0,15.493,0,10.366,10.366,0,0,0,0-15A11.138,11.138,0,0,0,13.456,2.5Zm5.386,11.537L14.69,18.056a1.336,1.336,0,0,1-1.845,0,1.234,1.234,0,0,1,0-1.786l1.995-1.914H8.991a1.26,1.26,0,1,1,0-2.519h5.821l-1.962-1.9a1.234,1.234,0,0,1,0-1.786,1.335,1.335,0,0,1,1.845,0l4.152,4.019a1.228,1.228,0,0,1,.376.938v.04a1.236,1.236,0,0,1-.38.891Z\" transform=\"translate(-2.5 -2.5)\" fill=\"#c2a181\"><\/path><\/svg>\t\t\t\t\t\t<\/span>\n\t\t\t\t\t\t\t\t\t\t<span class=\"elementor-icon-list-text\">Panneaux m\u00e9talliques \u00e0 vis cach\u00e9es<\/span>\n\t\t\t\t\t\t\t\t\t<\/li>\n\t\t\t\t\t\t\t\t<li class=\"elementor-icon-list-item\">\n\t\t\t\t\t\t\t\t\t\t\t<span class=\"elementor-icon-list-icon\">\n\t\t\t\t\t\t\t<svg xmlns=\"http:\/\/www.w3.org\/2000\/svg\" width=\"21.912\" height=\"21.212\" viewBox=\"0 0 21.912 21.212\"><path id=\"np_arrow_3134103_000000\" d=\"M13.456,2.5A11.138,11.138,0,0,0,5.709,5.607a10.366,10.366,0,0,0,0,15,11.211,11.211,0,0,0,15.493,0,10.366,10.366,0,0,0,0-15A11.138,11.138,0,0,0,13.456,2.5Zm5.386,11.537L14.69,18.056a1.336,1.336,0,0,1-1.845,0,1.234,1.234,0,0,1,0-1.786l1.995-1.914H8.991a1.26,1.26,0,1,1,0-2.519h5.821l-1.962-1.9a1.234,1.234,0,0,1,0-1.786,1.335,1.335,0,0,1,1.845,0l4.152,4.019a1.228,1.228,0,0,1,.376.938v.04a1.236,1.236,0,0,1-.38.891Z\" transform=\"translate(-2.5 -2.5)\" fill=\"#c2a181\"><\/path><\/svg>\t\t\t\t\t\t<\/span>\n\t\t\t\t\t\t\t\t\t\t<span class=\"elementor-icon-list-text\">Panneaux m\u00e9talliques \u00e0 vis apparentes<\/span>\n\t\t\t\t\t\t\t\t\t<\/li>\n\t\t\t\t\t\t<\/ul>\n\t\t\t\t\t\t<\/div>\n\t\t\t\t<\/div>\n\t\t\t\t<\/div>\n\t\t\t\t\t<\/div>\n\t\t\t\t<\/div>\n\t\t<div class=\"elementor-element elementor-element-6d54540 gradient_bg e-flex e-con-boxed e-con e-parent\" data-id=\"6d54540\" data-element_type=\"container\" data-e-type=\"container\">\n\t\t\t\t\t<div class=\"e-con-inner\">\n\t\t<div class=\"elementor-element elementor-element-b25b453 e-flex e-con-boxed e-con e-child\" data-id=\"b25b453\" data-element_type=\"container\" data-e-type=\"container\">\n\t\t\t\t\t<div class=\"e-con-inner\">\n\t\t\t\t<div class=\"elementor-element elementor-element-d4e0761 elementor-widget elementor-widget-text-editor\" data-id=\"d4e0761\" data-element_type=\"widget\" data-e-type=\"widget\" data-widget_type=\"text-editor.default\">\n\t\t\t\t<div class=\"elementor-widget-container\">\n\t\t\t\t\t\t\t\t\tPartenaires de confiance\n\t\t\t\t\t\t\t\t<\/div>\n\t\t\t\t<\/div>\n\t\t\t\t<div class=\"elementor-element elementor-element-45fe5a4 elementor-widget elementor-widget-heading\" data-id=\"45fe5a4\" data-element_type=\"widget\" data-e-type=\"widget\" data-widget_type=\"heading.default\">\n\t\t\t\t<div class=\"elementor-widget-container\">\n\t\t\t\t\t<h2 class=\"elementor-heading-title elementor-size-default\">Nos fournisseurs\n<\/h2>\t\t\t\t<\/div>\n\t\t\t\t<\/div>\n\t\t<div class=\"elementor-element elementor-element-f29b8ec e-flex e-con-boxed e-con e-child\" data-id=\"f29b8ec\" data-element_type=\"container\" data-e-type=\"container\">\n\t\t\t\t\t<div class=\"e-con-inner\">\n\t\t<div class=\"elementor-element elementor-element-20cecd2 e-con-full e-flex e-con e-child\" data-id=\"20cecd2\" data-element_type=\"container\" data-e-type=\"container\">\n\t\t\t\t<div class=\"elementor-element elementor-element-2eff69f elementor-widget elementor-widget-image\" data-id=\"2eff69f\" data-element_type=\"widget\" data-e-type=\"widget\" data-widget_type=\"image.default\">\n\t\t\t\t<div class=\"elementor-widget-container\">\n\t\t\t\t\t\t\t\t\t\t\t\t\t\t\t\t<a href=\"http:\/\/idealroofing.ca\/\" target=\"_blank\">\n\t\t\t\t\t\t\t<img decoding=\"async\" width=\"560\" height=\"254\" src=\"https:\/\/westendmetals.ca\/wp-content\/uploads\/2024\/04\/Ideal-Roofing-logo-example.jpg\" class=\"attachment-large size-large wp-image-1864\" alt=\"\" srcset=\"https:\/\/westendmetals.ca\/wp-content\/uploads\/2024\/04\/Ideal-Roofing-logo-example.jpg 560w, https:\/\/westendmetals.ca\/wp-content\/uploads\/2024\/04\/Ideal-Roofing-logo-example-300x136.jpg 300w\" sizes=\"(max-width: 560px) 100vw, 560px\" \/>\t\t\t\t\t\t\t\t<\/a>\n\t\t\t\t\t\t\t\t\t\t\t\t\t\t\t<\/div>\n\t\t\t\t<\/div>\n\t\t\t\t<\/div>\n\t\t<div class=\"elementor-element elementor-element-57197eb e-con-full e-flex e-con e-child\" data-id=\"57197eb\" data-element_type=\"container\" data-e-type=\"container\">\n\t\t\t\t<div class=\"elementor-element elementor-element-dcb7b14 elementor-widget elementor-widget-image\" data-id=\"dcb7b14\" data-element_type=\"widget\" data-e-type=\"widget\" data-widget_type=\"image.default\">\n\t\t\t\t<div class=\"elementor-widget-container\">\n\t\t\t\t\t\t\t\t\t\t\t\t\t\t\t\t<a href=\"http:\/\/metal.idealroofing.ca\" target=\"_blank\">\n\t\t\t\t\t\t\t<img decoding=\"async\" width=\"560\" height=\"254\" src=\"https:\/\/westendmetals.ca\/wp-content\/uploads\/2024\/04\/Wakefield-Bridge-Steel-shingle-by-Ideal-Roofing-1024x402-1.jpg\" class=\"attachment-large size-large wp-image-1865\" alt=\"\" srcset=\"https:\/\/westendmetals.ca\/wp-content\/uploads\/2024\/04\/Wakefield-Bridge-Steel-shingle-by-Ideal-Roofing-1024x402-1.jpg 560w, https:\/\/westendmetals.ca\/wp-content\/uploads\/2024\/04\/Wakefield-Bridge-Steel-shingle-by-Ideal-Roofing-1024x402-1-300x136.jpg 300w\" sizes=\"(max-width: 560px) 100vw, 560px\" \/>\t\t\t\t\t\t\t\t<\/a>\n\t\t\t\t\t\t\t\t\t\t\t\t\t\t\t<\/div>\n\t\t\t\t<\/div>\n\t\t\t\t<\/div>\n\t\t<div class=\"elementor-element elementor-element-48207d8 e-con-full e-flex e-con e-child\" data-id=\"48207d8\" data-element_type=\"container\" data-e-type=\"container\">\n\t\t\t\t<div class=\"elementor-element elementor-element-3414414 elementor-widget elementor-widget-image\" data-id=\"3414414\" data-element_type=\"widget\" data-e-type=\"widget\" data-widget_type=\"image.default\">\n\t\t\t\t<div class=\"elementor-widget-container\">\n\t\t\t\t\t\t\t\t\t\t\t\t\t\t\t\t<a href=\"http:\/\/www.idealroofing.ca\/mobile\/english_canada\/html\/prod_hf.php?type=lw&#038;ct=US02%20\" target=\"_blank\">\n\t\t\t\t\t\t\t<img loading=\"lazy\" decoding=\"async\" width=\"560\" height=\"254\" src=\"https:\/\/westendmetals.ca\/wp-content\/uploads\/2024\/04\/Heritage-hidden-fasteners-steel-panels-by-Ideal-Roofing-1024x589-1.jpg\" class=\"attachment-large size-large wp-image-1866\" alt=\"\" srcset=\"https:\/\/westendmetals.ca\/wp-content\/uploads\/2024\/04\/Heritage-hidden-fasteners-steel-panels-by-Ideal-Roofing-1024x589-1.jpg 560w, https:\/\/westendmetals.ca\/wp-content\/uploads\/2024\/04\/Heritage-hidden-fasteners-steel-panels-by-Ideal-Roofing-1024x589-1-300x136.jpg 300w\" sizes=\"(max-width: 560px) 100vw, 560px\" \/>\t\t\t\t\t\t\t\t<\/a>\n\t\t\t\t\t\t\t\t\t\t\t\t\t\t\t<\/div>\n\t\t\t\t<\/div>\n\t\t\t\t<\/div>\n\t\t<div class=\"elementor-element elementor-element-06128ef e-con-full e-flex e-con e-child\" data-id=\"06128ef\" data-element_type=\"container\" data-e-type=\"container\">\n\t\t\t\t<div class=\"elementor-element elementor-element-8a2de17 elementor-widget elementor-widget-image\" data-id=\"8a2de17\" data-element_type=\"widget\" data-e-type=\"widget\" data-widget_type=\"image.default\">\n\t\t\t\t<div class=\"elementor-widget-container\">\n\t\t\t\t\t\t\t\t\t\t\t\t\t\t\t\t<a href=\"https:\/\/www.vicwest.com\/ca\/en\/products\/all-vicwest-product\/metal-roof-shingles\/\" target=\"_blank\">\n\t\t\t\t\t\t\t<img loading=\"lazy\" decoding=\"async\" width=\"560\" height=\"254\" src=\"https:\/\/westendmetals.ca\/wp-content\/uploads\/2024\/04\/Vicwest-logo.jpg\" class=\"attachment-large size-large wp-image-1867\" alt=\"\" srcset=\"https:\/\/westendmetals.ca\/wp-content\/uploads\/2024\/04\/Vicwest-logo.jpg 560w, https:\/\/westendmetals.ca\/wp-content\/uploads\/2024\/04\/Vicwest-logo-300x136.jpg 300w\" sizes=\"(max-width: 560px) 100vw, 560px\" \/>\t\t\t\t\t\t\t\t<\/a>\n\t\t\t\t\t\t\t\t\t\t\t\t\t\t\t<\/div>\n\t\t\t\t<\/div>\n\t\t\t\t<\/div>\n\t\t<div class=\"elementor-element elementor-element-9672403 e-con-full e-flex e-con e-child\" data-id=\"9672403\" data-element_type=\"container\" data-e-type=\"container\">\n\t\t\t\t<div class=\"elementor-element elementor-element-4d922aa elementor-widget elementor-widget-image\" data-id=\"4d922aa\" data-element_type=\"widget\" data-e-type=\"widget\" data-widget_type=\"image.default\">\n\t\t\t\t<div class=\"elementor-widget-container\">\n\t\t\t\t\t\t\t\t\t\t\t\t\t\t\t\t<a href=\"https:\/\/sherwoodlumber.com\/true-nature-metal-roofing-tiles\/\" target=\"_blank\">\n\t\t\t\t\t\t\t<img loading=\"lazy\" decoding=\"async\" width=\"560\" height=\"254\" src=\"https:\/\/westendmetals.ca\/wp-content\/uploads\/2024\/04\/True-Nature.jpg\" class=\"attachment-large size-large wp-image-1868\" alt=\"\" srcset=\"https:\/\/westendmetals.ca\/wp-content\/uploads\/2024\/04\/True-Nature.jpg 560w, https:\/\/westendmetals.ca\/wp-content\/uploads\/2024\/04\/True-Nature-300x136.jpg 300w\" sizes=\"(max-width: 560px) 100vw, 560px\" \/>\t\t\t\t\t\t\t\t<\/a>\n\t\t\t\t\t\t\t\t\t\t\t\t\t\t\t<\/div>\n\t\t\t\t<\/div>\n\t\t\t\t<\/div>\n\t\t<div class=\"elementor-element elementor-element-7776b35 e-con-full e-flex e-con e-child\" data-id=\"7776b35\" data-element_type=\"container\" data-e-type=\"container\">\n\t\t\t\t<div class=\"elementor-element elementor-element-00f9867 elementor-widget elementor-widget-image\" data-id=\"00f9867\" data-element_type=\"widget\" data-e-type=\"widget\" data-widget_type=\"image.default\">\n\t\t\t\t<div class=\"elementor-widget-container\">\n\t\t\t\t\t\t\t\t\t\t\t\t\t\t\t\t<a href=\"https:\/\/www.agwaymetals.com\/\" target=\"_blank\">\n\t\t\t\t\t\t\t<img loading=\"lazy\" decoding=\"async\" width=\"560\" height=\"254\" src=\"https:\/\/westendmetals.ca\/wp-content\/uploads\/2024\/05\/Agway-Metals_logo.jpg\" class=\"attachment-large size-large wp-image-1912\" alt=\"\" srcset=\"https:\/\/westendmetals.ca\/wp-content\/uploads\/2024\/05\/Agway-Metals_logo.jpg 560w, https:\/\/westendmetals.ca\/wp-content\/uploads\/2024\/05\/Agway-Metals_logo-300x136.jpg 300w\" sizes=\"(max-width: 560px) 100vw, 560px\" \/>\t\t\t\t\t\t\t\t<\/a>\n\t\t\t\t\t\t\t\t\t\t\t\t\t\t\t<\/div>\n\t\t\t\t<\/div>\n\t\t\t\t<\/div>\n\t\t\t\t\t<\/div>\n\t\t\t\t<\/div>\n\t\t\t\t\t<\/div>\n\t\t\t\t<\/div>\n\t\t\t\t\t<\/div>\n\t\t\t\t<\/div>\n\t\t\t\t<\/div>\n\t\t","protected":false},"excerpt":{"rendered":"<p>Produits Toiture et rev\u00eatement m\u00e9tallique Rehaussez la durabilit\u00e9 et l&rsquo;attrait esth\u00e9tique de votre propri\u00e9t\u00e9 avec nos solutions de toiture et de rev\u00eatement m\u00e9talliques de qualit\u00e9 sup\u00e9rieure. Notre s\u00e9lection \u00e9tendue, allant des bardeaux d&rsquo;acier robustes aux panneaux m\u00e9talliques \u00e0 vis cach\u00e9es et apparentes, est con\u00e7ue pour r\u00e9pondre \u00e0 divers styles architecturaux et pr\u00e9f\u00e9rences. Chaque produit est [&hellip;]<\/p>\n","protected":false},"author":1,"featured_media":0,"parent":2012,"menu_order":0,"comment_status":"closed","ping_status":"closed","template":"","meta":{"_seopress_robots_primary_cat":"","_seopress_titles_title":"Toiture et rev\u00eatement m\u00e9tallique de haute qualit\u00e9 | Westend Metals Inc.","_seopress_titles_desc":"Am\u00e9liorez votre b\u00e2timent avec une toiture et un rev\u00eatement m\u00e9tallique de Westend Metals Inc., offrant durabilit\u00e9 et style.","_seopress_robots_index":"","inline_featured_image":false,"footnotes":""},"class_list":["post-2018","page","type-page","status-publish","hentry"],"_links":{"self":[{"href":"https:\/\/westendmetals.ca\/fr\/wp-json\/wp\/v2\/pages\/2018","targetHints":{"allow":["GET"]}}],"collection":[{"href":"https:\/\/westendmetals.ca\/fr\/wp-json\/wp\/v2\/pages"}],"about":[{"href":"https:\/\/westendmetals.ca\/fr\/wp-json\/wp\/v2\/types\/page"}],"author":[{"embeddable":true,"href":"https:\/\/westendmetals.ca\/fr\/wp-json\/wp\/v2\/users\/1"}],"replies":[{"embeddable":true,"href":"https:\/\/westendmetals.ca\/fr\/wp-json\/wp\/v2\/comments?post=2018"}],"version-history":[{"count":10,"href":"https:\/\/westendmetals.ca\/fr\/wp-json\/wp\/v2\/pages\/2018\/revisions"}],"predecessor-version":[{"id":2116,"href":"https:\/\/westendmetals.ca\/fr\/wp-json\/wp\/v2\/pages\/2018\/revisions\/2116"}],"up":[{"embeddable":true,"href":"https:\/\/westendmetals.ca\/fr\/wp-json\/wp\/v2\/pages\/2012"}],"wp:attachment":[{"href":"https:\/\/westendmetals.ca\/fr\/wp-json\/wp\/v2\/media?parent=2018"}],"curies":[{"name":"wp","href":"https:\/\/api.w.org\/{rel}","templated":true}]}}