{"id":2026,"date":"2024-04-29T14:43:41","date_gmt":"2024-04-29T18:43:41","guid":{"rendered":"https:\/\/westendmetals.ca\/produits\/custom-flashings-trims\/"},"modified":"2024-05-27T09:21:17","modified_gmt":"2024-05-27T13:21:17","slug":"solins-et-moulures-sur-mesure","status":"publish","type":"page","link":"https:\/\/westendmetals.ca\/fr\/produits\/solins-et-moulures-sur-mesure\/","title":{"rendered":"Solins et moulures sur mesure"},"content":{"rendered":"\t\t<div data-elementor-type=\"wp-page\" data-elementor-id=\"2026\" class=\"elementor elementor-2026 elementor-1344\" data-elementor-post-type=\"page\">\n\t\t\t\t<div class=\"elementor-element elementor-element-99909cb e-flex e-con-boxed e-con e-parent\" data-id=\"99909cb\" data-element_type=\"container\" data-e-type=\"container\" data-settings=\"{&quot;background_background&quot;:&quot;classic&quot;}\">\n\t\t\t\t\t<div class=\"e-con-inner\">\n\t\t<div class=\"elementor-element elementor-element-96242b0 e-flex e-con-boxed e-con e-child\" data-id=\"96242b0\" data-element_type=\"container\" data-e-type=\"container\">\n\t\t\t\t\t<div class=\"e-con-inner\">\n\t\t\t\t<div class=\"elementor-element elementor-element-8cb9aeb elementor-widget elementor-widget-text-editor\" data-id=\"8cb9aeb\" data-element_type=\"widget\" data-e-type=\"widget\" data-widget_type=\"text-editor.default\">\n\t\t\t\t<div class=\"elementor-widget-container\">\n\t\t\t\t\t\t\t\t\t<nav  aria-label=\"Fil d&#039;Ariane\"><ol class=\"breadcrumb\" itemscope itemtype=\"https:\/\/schema.org\/BreadcrumbList\"><li class=\"breadcrumb-item active\" aria-current=\"page\" itemprop=\"itemListElement\" itemscope itemtype=\"https:\/\/schema.org\/ListItem\"><span itemprop=\"name\">Accueil<\/span><meta itemprop=\"position\" content=\"1\"><\/li><\/ol><\/nav>\t\t\t\t\t\t\t\t<\/div>\n\t\t\t\t<\/div>\n\t\t\t\t\t<\/div>\n\t\t\t\t<\/div>\n\t\t\t\t\t<\/div>\n\t\t\t\t<\/div>\n\t\t<div class=\"elementor-element elementor-element-02d9231 e-flex e-con-boxed e-con e-parent\" data-id=\"02d9231\" data-element_type=\"container\" data-e-type=\"container\" data-settings=\"{&quot;background_background&quot;:&quot;classic&quot;}\">\n\t\t\t\t\t<div class=\"e-con-inner\">\n\t\t<div class=\"elementor-element elementor-element-fd3395f e-con-full e-flex e-con e-child\" data-id=\"fd3395f\" data-element_type=\"container\" data-e-type=\"container\" data-settings=\"{&quot;background_background&quot;:&quot;classic&quot;}\">\n\t\t<div class=\"elementor-element elementor-element-2ce7cda e-con-full e-flex e-con e-child\" data-id=\"2ce7cda\" data-element_type=\"container\" data-e-type=\"container\" data-settings=\"{&quot;background_background&quot;:&quot;classic&quot;}\">\n\t\t<div class=\"elementor-element elementor-element-064495a bg_gradient_light_blue e-con-full e-flex e-con e-child\" data-id=\"064495a\" data-element_type=\"container\" data-e-type=\"container\" data-settings=\"{&quot;position&quot;:&quot;absolute&quot;}\">\n\t\t\t\t<div class=\"elementor-element elementor-element-3337683 elementor-widget elementor-widget-image\" data-id=\"3337683\" data-element_type=\"widget\" data-e-type=\"widget\" data-widget_type=\"image.default\">\n\t\t\t\t<div class=\"elementor-widget-container\">\n\t\t\t\t\t\t\t\t\t\t\t\t\t\t\t<img fetchpriority=\"high\" decoding=\"async\" width=\"800\" height=\"625\" src=\"https:\/\/westendmetals.ca\/wp-content\/uploads\/2024\/04\/Custom-flashing-and-trim.svg\" class=\"attachment-large size-large wp-image-1883\" alt=\"\" \/>\t\t\t\t\t\t\t\t\t\t\t\t\t\t\t<\/div>\n\t\t\t\t<\/div>\n\t\t\t\t<\/div>\n\t\t\t\t<\/div>\n\t\t<div class=\"elementor-element elementor-element-38cb001 e-con-full elementor-hidden-tablet elementor-hidden-mobile_extra elementor-hidden-mobile e-flex e-con e-child\" data-id=\"38cb001\" data-element_type=\"container\" data-e-type=\"container\" data-settings=\"{&quot;background_background&quot;:&quot;classic&quot;}\">\n\t\t\t\t<\/div>\n\t\t\t\t<\/div>\n\t\t<div class=\"elementor-element elementor-element-c1e1b99 e-con-full e-flex e-con e-child\" data-id=\"c1e1b99\" data-element_type=\"container\" data-e-type=\"container\">\n\t\t\t\t<div class=\"elementor-element elementor-element-0042cbf elementor-widget elementor-widget-text-editor\" data-id=\"0042cbf\" data-element_type=\"widget\" data-e-type=\"widget\" data-widget_type=\"text-editor.default\">\n\t\t\t\t<div class=\"elementor-widget-container\">\n\t\t\t\t\t\t\t\t\tProduits\t\t\t\t\t\t\t\t<\/div>\n\t\t\t\t<\/div>\n\t\t\t\t<div class=\"elementor-element elementor-element-810ffc8 elementor-widget__width-initial elementor-widget-mobile__width-inherit elementor-widget elementor-widget-heading\" data-id=\"810ffc8\" data-element_type=\"widget\" data-e-type=\"widget\" data-widget_type=\"heading.default\">\n\t\t\t\t<div class=\"elementor-widget-container\">\n\t\t\t\t\t<h2 class=\"elementor-heading-title elementor-size-default\">Solins et moulures sur mesure<\/h2>\t\t\t\t<\/div>\n\t\t\t\t<\/div>\n\t\t\t\t<div class=\"elementor-element elementor-element-6a8d15d elementor-widget elementor-widget-text-editor\" data-id=\"6a8d15d\" data-element_type=\"widget\" data-e-type=\"widget\" data-widget_type=\"text-editor.default\">\n\t\t\t\t<div class=\"elementor-widget-container\">\n\t\t\t\t\t\t\t\t\t<p>Chez Westend Metals Inc., nous reconnaissons que chaque projet de construction a ses exigences uniques, c&rsquo;est pourquoi nous proposons des options de solins et de moulures sur mesure, fabriqu\u00e9es selon vos sp\u00e9cifications exactes. Notre collection compl\u00e8te comprend une gamme de mat\u00e9riaux, notamment l&rsquo;acier galvanis\u00e9 et galvalume, disponibles en plus de 40 couleurs vives pour s&rsquo;adapter \u00e0 toutes les palettes de design. De plus, notre inventaire comprend des options telles que l&rsquo;aluminium anodis\u00e9 en diverses nuances, le cuivre, l&rsquo;acier Corten, les feuilles gaufr\u00e9es en aluminium, l&rsquo;acier inoxydable en finitions bross\u00e9es et lamin\u00e9es, et m\u00eame des finitions en grain de bois. Nous maintenons des niveaux de stock importants pour garantir une livraison rapide et effectuons des contr\u00f4les de qualit\u00e9 rigoureux pour garantir les normes les plus \u00e9lev\u00e9es. D\u00e9couvrez comment nos solins et moulures sur mesure peuvent am\u00e9liorer l&rsquo;esth\u00e9tique et la fonctionnalit\u00e9 de vos projets.<\/p>\t\t\t\t\t\t\t\t<\/div>\n\t\t\t\t<\/div>\n\t\t<div class=\"elementor-element elementor-element-9b38dff e-flex e-con-boxed e-con e-child\" data-id=\"9b38dff\" data-element_type=\"container\" data-e-type=\"container\">\n\t\t\t\t\t<div class=\"e-con-inner\">\n\t\t\t\t<div class=\"elementor-element elementor-element-5c8e916 elementor-widget__width-auto elementor-widget-mobile_extra__width-inherit elementor-icon-list--layout-traditional elementor-list-item-link-full_width elementor-widget elementor-widget-icon-list\" data-id=\"5c8e916\" data-element_type=\"widget\" data-e-type=\"widget\" data-widget_type=\"icon-list.default\">\n\t\t\t\t<div class=\"elementor-widget-container\">\n\t\t\t\t\t\t\t<ul class=\"elementor-icon-list-items\">\n\t\t\t\t\t\t\t<li class=\"elementor-icon-list-item\">\n\t\t\t\t\t\t\t\t\t\t\t<span class=\"elementor-icon-list-icon\">\n\t\t\t\t\t\t\t<svg xmlns=\"http:\/\/www.w3.org\/2000\/svg\" width=\"21.912\" height=\"21.212\" viewBox=\"0 0 21.912 21.212\"><path id=\"np_arrow_3134103_000000\" d=\"M13.456,2.5A11.138,11.138,0,0,0,5.709,5.607a10.366,10.366,0,0,0,0,15,11.211,11.211,0,0,0,15.493,0,10.366,10.366,0,0,0,0-15A11.138,11.138,0,0,0,13.456,2.5Zm5.386,11.537L14.69,18.056a1.336,1.336,0,0,1-1.845,0,1.234,1.234,0,0,1,0-1.786l1.995-1.914H8.991a1.26,1.26,0,1,1,0-2.519h5.821l-1.962-1.9a1.234,1.234,0,0,1,0-1.786,1.335,1.335,0,0,1,1.845,0l4.152,4.019a1.228,1.228,0,0,1,.376.938v.04a1.236,1.236,0,0,1-.38.891Z\" transform=\"translate(-2.5 -2.5)\" fill=\"#c2a181\"><\/path><\/svg>\t\t\t\t\t\t<\/span>\n\t\t\t\t\t\t\t\t\t\t<span class=\"elementor-icon-list-text\">Chapeaux de chemin\u00e9e<\/span>\n\t\t\t\t\t\t\t\t\t<\/li>\n\t\t\t\t\t\t\t\t<li class=\"elementor-icon-list-item\">\n\t\t\t\t\t\t\t\t\t\t\t<span class=\"elementor-icon-list-icon\">\n\t\t\t\t\t\t\t<svg xmlns=\"http:\/\/www.w3.org\/2000\/svg\" width=\"21.912\" height=\"21.212\" viewBox=\"0 0 21.912 21.212\"><path id=\"np_arrow_3134103_000000\" d=\"M13.456,2.5A11.138,11.138,0,0,0,5.709,5.607a10.366,10.366,0,0,0,0,15,11.211,11.211,0,0,0,15.493,0,10.366,10.366,0,0,0,0-15A11.138,11.138,0,0,0,13.456,2.5Zm5.386,11.537L14.69,18.056a1.336,1.336,0,0,1-1.845,0,1.234,1.234,0,0,1,0-1.786l1.995-1.914H8.991a1.26,1.26,0,1,1,0-2.519h5.821l-1.962-1.9a1.234,1.234,0,0,1,0-1.786,1.335,1.335,0,0,1,1.845,0l4.152,4.019a1.228,1.228,0,0,1,.376.938v.04a1.236,1.236,0,0,1-.38.891Z\" transform=\"translate(-2.5 -2.5)\" fill=\"#c2a181\"><\/path><\/svg>\t\t\t\t\t\t<\/span>\n\t\t\t\t\t\t\t\t\t\t<span class=\"elementor-icon-list-text\">\u00c9vents<\/span>\n\t\t\t\t\t\t\t\t\t<\/li>\n\t\t\t\t\t\t\t\t<li class=\"elementor-icon-list-item\">\n\t\t\t\t\t\t\t\t\t\t\t<span class=\"elementor-icon-list-icon\">\n\t\t\t\t\t\t\t<svg xmlns=\"http:\/\/www.w3.org\/2000\/svg\" width=\"21.912\" height=\"21.212\" viewBox=\"0 0 21.912 21.212\"><path id=\"np_arrow_3134103_000000\" d=\"M13.456,2.5A11.138,11.138,0,0,0,5.709,5.607a10.366,10.366,0,0,0,0,15,11.211,11.211,0,0,0,15.493,0,10.366,10.366,0,0,0,0-15A11.138,11.138,0,0,0,13.456,2.5Zm5.386,11.537L14.69,18.056a1.336,1.336,0,0,1-1.845,0,1.234,1.234,0,0,1,0-1.786l1.995-1.914H8.991a1.26,1.26,0,1,1,0-2.519h5.821l-1.962-1.9a1.234,1.234,0,0,1,0-1.786,1.335,1.335,0,0,1,1.845,0l4.152,4.019a1.228,1.228,0,0,1,.376.938v.04a1.236,1.236,0,0,1-.38.891Z\" transform=\"translate(-2.5 -2.5)\" fill=\"#c2a181\"><\/path><\/svg>\t\t\t\t\t\t<\/span>\n\t\t\t\t\t\t\t\t\t\t<span class=\"elementor-icon-list-text\">Joint debout<\/span>\n\t\t\t\t\t\t\t\t\t<\/li>\n\t\t\t\t\t\t<\/ul>\n\t\t\t\t\t\t<\/div>\n\t\t\t\t<\/div>\n\t\t\t\t<div class=\"elementor-element elementor-element-0cd1595 elementor-widget__width-auto elementor-widget-mobile_extra__width-inherit elementor-icon-list--layout-traditional elementor-list-item-link-full_width elementor-widget elementor-widget-icon-list\" data-id=\"0cd1595\" data-element_type=\"widget\" data-e-type=\"widget\" data-widget_type=\"icon-list.default\">\n\t\t\t\t<div class=\"elementor-widget-container\">\n\t\t\t\t\t\t\t<ul class=\"elementor-icon-list-items\">\n\t\t\t\t\t\t\t<li class=\"elementor-icon-list-item\">\n\t\t\t\t\t\t\t\t\t\t\t<span class=\"elementor-icon-list-icon\">\n\t\t\t\t\t\t\t<svg xmlns=\"http:\/\/www.w3.org\/2000\/svg\" width=\"21.912\" height=\"21.212\" viewBox=\"0 0 21.912 21.212\"><path id=\"np_arrow_3134103_000000\" d=\"M13.456,2.5A11.138,11.138,0,0,0,5.709,5.607a10.366,10.366,0,0,0,0,15,11.211,11.211,0,0,0,15.493,0,10.366,10.366,0,0,0,0-15A11.138,11.138,0,0,0,13.456,2.5Zm5.386,11.537L14.69,18.056a1.336,1.336,0,0,1-1.845,0,1.234,1.234,0,0,1,0-1.786l1.995-1.914H8.991a1.26,1.26,0,1,1,0-2.519h5.821l-1.962-1.9a1.234,1.234,0,0,1,0-1.786,1.335,1.335,0,0,1,1.845,0l4.152,4.019a1.228,1.228,0,0,1,.376.938v.04a1.236,1.236,0,0,1-.38.891Z\" transform=\"translate(-2.5 -2.5)\" fill=\"#c2a181\"><\/path><\/svg>\t\t\t\t\t\t<\/span>\n\t\t\t\t\t\t\t\t\t\t<span class=\"elementor-icon-list-text\">Soffite en acier<\/span>\n\t\t\t\t\t\t\t\t\t<\/li>\n\t\t\t\t\t\t\t\t<li class=\"elementor-icon-list-item\">\n\t\t\t\t\t\t\t\t\t\t\t<span class=\"elementor-icon-list-icon\">\n\t\t\t\t\t\t\t<svg xmlns=\"http:\/\/www.w3.org\/2000\/svg\" width=\"21.912\" height=\"21.212\" viewBox=\"0 0 21.912 21.212\"><path id=\"np_arrow_3134103_000000\" d=\"M13.456,2.5A11.138,11.138,0,0,0,5.709,5.607a10.366,10.366,0,0,0,0,15,11.211,11.211,0,0,0,15.493,0,10.366,10.366,0,0,0,0-15A11.138,11.138,0,0,0,13.456,2.5Zm5.386,11.537L14.69,18.056a1.336,1.336,0,0,1-1.845,0,1.234,1.234,0,0,1,0-1.786l1.995-1.914H8.991a1.26,1.26,0,1,1,0-2.519h5.821l-1.962-1.9a1.234,1.234,0,0,1,0-1.786,1.335,1.335,0,0,1,1.845,0l4.152,4.019a1.228,1.228,0,0,1,.376.938v.04a1.236,1.236,0,0,1-.38.891Z\" transform=\"translate(-2.5 -2.5)\" fill=\"#c2a181\"><\/path><\/svg>\t\t\t\t\t\t<\/span>\n\t\t\t\t\t\t\t\t\t\t<span class=\"elementor-icon-list-text\">Couronnement de parapet<\/span>\n\t\t\t\t\t\t\t\t\t<\/li>\n\t\t\t\t\t\t\t\t<li class=\"elementor-icon-list-item\">\n\t\t\t\t\t\t\t\t\t\t\t<span class=\"elementor-icon-list-icon\">\n\t\t\t\t\t\t\t<svg xmlns=\"http:\/\/www.w3.org\/2000\/svg\" width=\"21.912\" height=\"21.212\" viewBox=\"0 0 21.912 21.212\"><path id=\"np_arrow_3134103_000000\" d=\"M13.456,2.5A11.138,11.138,0,0,0,5.709,5.607a10.366,10.366,0,0,0,0,15,11.211,11.211,0,0,0,15.493,0,10.366,10.366,0,0,0,0-15A11.138,11.138,0,0,0,13.456,2.5Zm5.386,11.537L14.69,18.056a1.336,1.336,0,0,1-1.845,0,1.234,1.234,0,0,1,0-1.786l1.995-1.914H8.991a1.26,1.26,0,1,1,0-2.519h5.821l-1.962-1.9a1.234,1.234,0,0,1,0-1.786,1.335,1.335,0,0,1,1.845,0l4.152,4.019a1.228,1.228,0,0,1,.376.938v.04a1.236,1.236,0,0,1-.38.891Z\" transform=\"translate(-2.5 -2.5)\" fill=\"#c2a181\"><\/path><\/svg>\t\t\t\t\t\t<\/span>\n\t\t\t\t\t\t\t\t\t\t<span class=\"elementor-icon-list-text\">Solins pour toiture et rev\u00eatement<\/span>\n\t\t\t\t\t\t\t\t\t<\/li>\n\t\t\t\t\t\t<\/ul>\n\t\t\t\t\t\t<\/div>\n\t\t\t\t<\/div>\n\t\t\t\t\t<\/div>\n\t\t\t\t<\/div>\n\t\t\t\t<\/div>\n\t\t\t\t\t<\/div>\n\t\t\t\t<\/div>\n\t\t\t\t<\/div>\n\t\t","protected":false},"excerpt":{"rendered":"<p>Produits Solins et moulures sur mesure Chez Westend Metals Inc., nous reconnaissons que chaque projet de construction a ses exigences uniques, c&rsquo;est pourquoi nous proposons des options de solins et de moulures sur mesure, fabriqu\u00e9es selon vos sp\u00e9cifications exactes. Notre collection compl\u00e8te comprend une gamme de mat\u00e9riaux, notamment l&rsquo;acier galvanis\u00e9 et galvalume, disponibles en plus [&hellip;]<\/p>\n","protected":false},"author":1,"featured_media":0,"parent":2012,"menu_order":0,"comment_status":"closed","ping_status":"closed","template":"","meta":{"_seopress_robots_primary_cat":"","_seopress_titles_title":"Solins et moulures m\u00e9talliques sur mesure de pr\u00e9cision | Westend Metals Inc.","_seopress_titles_desc":"\u00c9levez vos constructions avec les solins et moulures sur mesure. Adapt\u00e9s \u00e0 des sp\u00e9cifications pr\u00e9cises, nos produits assurent une finition parfaite pour tous vos projets.","_seopress_robots_index":"","inline_featured_image":false,"footnotes":""},"class_list":["post-2026","page","type-page","status-publish","hentry"],"_links":{"self":[{"href":"https:\/\/westendmetals.ca\/fr\/wp-json\/wp\/v2\/pages\/2026","targetHints":{"allow":["GET"]}}],"collection":[{"href":"https:\/\/westendmetals.ca\/fr\/wp-json\/wp\/v2\/pages"}],"about":[{"href":"https:\/\/westendmetals.ca\/fr\/wp-json\/wp\/v2\/types\/page"}],"author":[{"embeddable":true,"href":"https:\/\/westendmetals.ca\/fr\/wp-json\/wp\/v2\/users\/1"}],"replies":[{"embeddable":true,"href":"https:\/\/westendmetals.ca\/fr\/wp-json\/wp\/v2\/comments?post=2026"}],"version-history":[{"count":10,"href":"https:\/\/westendmetals.ca\/fr\/wp-json\/wp\/v2\/pages\/2026\/revisions"}],"predecessor-version":[{"id":2123,"href":"https:\/\/westendmetals.ca\/fr\/wp-json\/wp\/v2\/pages\/2026\/revisions\/2123"}],"up":[{"embeddable":true,"href":"https:\/\/westendmetals.ca\/fr\/wp-json\/wp\/v2\/pages\/2012"}],"wp:attachment":[{"href":"https:\/\/westendmetals.ca\/fr\/wp-json\/wp\/v2\/media?parent=2026"}],"curies":[{"name":"wp","href":"https:\/\/api.w.org\/{rel}","templated":true}]}}