{"id":2045,"date":"2024-04-29T14:14:00","date_gmt":"2024-04-29T18:14:00","guid":{"rendered":"https:\/\/westendmetals.ca\/produits\/snowguards-snow-rails-ice-breakers\/"},"modified":"2024-05-23T10:44:42","modified_gmt":"2024-05-23T14:44:42","slug":"arrets-de-neiges-individuels-et-a-barreaux-brises-glace","status":"publish","type":"page","link":"https:\/\/westendmetals.ca\/fr\/produits\/arrets-de-neiges-individuels-et-a-barreaux-brises-glace\/","title":{"rendered":"Arr\u00eats de neiges individuels et \u00e0 barreaux \/ brises-glace"},"content":{"rendered":"\t\t<div data-elementor-type=\"wp-page\" data-elementor-id=\"2045\" class=\"elementor elementor-2045 elementor-1314\" data-elementor-post-type=\"page\">\n\t\t\t\t<div class=\"elementor-element elementor-element-b7e2ffe e-flex e-con-boxed e-con e-parent\" data-id=\"b7e2ffe\" data-element_type=\"container\" data-e-type=\"container\" data-settings=\"{&quot;background_background&quot;:&quot;classic&quot;}\">\n\t\t\t\t\t<div class=\"e-con-inner\">\n\t\t<div class=\"elementor-element elementor-element-7699e3a e-flex e-con-boxed e-con e-child\" data-id=\"7699e3a\" data-element_type=\"container\" data-e-type=\"container\">\n\t\t\t\t\t<div class=\"e-con-inner\">\n\t\t\t\t<div class=\"elementor-element elementor-element-94412d5 elementor-widget elementor-widget-text-editor\" data-id=\"94412d5\" data-element_type=\"widget\" data-e-type=\"widget\" data-widget_type=\"text-editor.default\">\n\t\t\t\t<div class=\"elementor-widget-container\">\n\t\t\t\t\t\t\t\t\t<nav  aria-label=\"Fil d&#039;Ariane\"><ol class=\"breadcrumb\" itemscope itemtype=\"https:\/\/schema.org\/BreadcrumbList\"><li class=\"breadcrumb-item active\" aria-current=\"page\" itemprop=\"itemListElement\" itemscope itemtype=\"https:\/\/schema.org\/ListItem\"><span itemprop=\"name\">Accueil<\/span><meta itemprop=\"position\" content=\"1\"><\/li><\/ol><\/nav>\t\t\t\t\t\t\t\t<\/div>\n\t\t\t\t<\/div>\n\t\t\t\t\t<\/div>\n\t\t\t\t<\/div>\n\t\t\t\t\t<\/div>\n\t\t\t\t<\/div>\n\t\t<div class=\"elementor-element elementor-element-5c3cce0 e-flex e-con-boxed e-con e-parent\" data-id=\"5c3cce0\" data-element_type=\"container\" data-e-type=\"container\" data-settings=\"{&quot;background_background&quot;:&quot;classic&quot;}\">\n\t\t\t\t\t<div class=\"e-con-inner\">\n\t\t<div class=\"elementor-element elementor-element-2975a37 e-con-full e-flex e-con e-child\" data-id=\"2975a37\" data-element_type=\"container\" data-e-type=\"container\" data-settings=\"{&quot;background_background&quot;:&quot;classic&quot;}\">\n\t\t<div class=\"elementor-element elementor-element-202dbca e-con-full e-flex e-con e-child\" data-id=\"202dbca\" data-element_type=\"container\" data-e-type=\"container\" data-settings=\"{&quot;background_background&quot;:&quot;classic&quot;}\">\n\t\t<div class=\"elementor-element elementor-element-e52ae3d bg_gradient_light_blue e-con-full e-flex e-con e-child\" data-id=\"e52ae3d\" data-element_type=\"container\" data-e-type=\"container\" data-settings=\"{&quot;position&quot;:&quot;absolute&quot;}\">\n\t\t\t\t<div class=\"elementor-element elementor-element-ee33805 elementor-widget elementor-widget-image\" data-id=\"ee33805\" data-element_type=\"widget\" data-e-type=\"widget\" data-widget_type=\"image.default\">\n\t\t\t\t<div class=\"elementor-widget-container\">\n\t\t\t\t\t\t\t\t\t\t\t\t\t\t\t<img fetchpriority=\"high\" decoding=\"async\" width=\"800\" height=\"580\" src=\"https:\/\/westendmetals.ca\/wp-content\/uploads\/2024\/04\/SnowguardsSnowrailsIce-Breakers.svg\" class=\"attachment-large size-large wp-image-1887\" alt=\"\" \/>\t\t\t\t\t\t\t\t\t\t\t\t\t\t\t<\/div>\n\t\t\t\t<\/div>\n\t\t\t\t<\/div>\n\t\t\t\t<\/div>\n\t\t<div class=\"elementor-element elementor-element-b962dd6 e-con-full elementor-hidden-tablet elementor-hidden-mobile_extra elementor-hidden-mobile e-flex e-con e-child\" data-id=\"b962dd6\" data-element_type=\"container\" data-e-type=\"container\" data-settings=\"{&quot;background_background&quot;:&quot;classic&quot;}\">\n\t\t\t\t<\/div>\n\t\t\t\t<\/div>\n\t\t<div class=\"elementor-element elementor-element-357646c e-con-full e-flex e-con e-child\" data-id=\"357646c\" data-element_type=\"container\" data-e-type=\"container\">\n\t\t\t\t<div class=\"elementor-element elementor-element-546477b elementor-widget elementor-widget-text-editor\" data-id=\"546477b\" data-element_type=\"widget\" data-e-type=\"widget\" data-widget_type=\"text-editor.default\">\n\t\t\t\t<div class=\"elementor-widget-container\">\n\t\t\t\t\t\t\t\t\tProduits\t\t\t\t\t\t\t\t<\/div>\n\t\t\t\t<\/div>\n\t\t\t\t<div class=\"elementor-element elementor-element-cb30af5 elementor-widget__width-initial elementor-widget-mobile__width-inherit elementor-widget elementor-widget-heading\" data-id=\"cb30af5\" data-element_type=\"widget\" data-e-type=\"widget\" data-widget_type=\"heading.default\">\n\t\t\t\t<div class=\"elementor-widget-container\">\n\t\t\t\t\t<h2 class=\"elementor-heading-title elementor-size-default\">arr\u00eats de neiges individuels et \u00e0 barreaux \/ brises-glace\n<\/h2>\t\t\t\t<\/div>\n\t\t\t\t<\/div>\n\t\t\t\t<div class=\"elementor-element elementor-element-05bed93 elementor-widget elementor-widget-text-editor\" data-id=\"05bed93\" data-element_type=\"widget\" data-e-type=\"widget\" data-widget_type=\"text-editor.default\">\n\t\t\t\t<div class=\"elementor-widget-container\">\n\t\t\t\t\t\t\t\t\tProt\u00e9gez votre propri\u00e9t\u00e9 avec nos solutions essentielles de retenue de neige. Chez Westend Metals inc., nous proposons une vari\u00e9t\u00e9 d&rsquo;arr\u00eats de neige individuels et \u00e0 barreaux et de brises-glace con\u00e7us pour s\u00e9curiser la neige sur votre toit, emp\u00eachant des avalanches dangereuses qui pourraient endommager le paysage, les goutti\u00e8res, les v\u00e9hicules et m\u00eame causer des blessures personnelles. Ces dispositifs sont cruciaux pour maintenir l&rsquo;int\u00e9grit\u00e9 des toitures m\u00e9talliques et assurer la s\u00e9curit\u00e9 des occupants du b\u00e2timent et des passants. Visitez-nous pour consulter notre personnel comp\u00e9tent qui peut vous aider \u00e0 choisir le syst\u00e8me de retenue de neige parfait adapt\u00e9 \u00e0 vos besoins sp\u00e9cifiques et exigences de projet.\n\t\t\t\t\t\t\t\t<\/div>\n\t\t\t\t<\/div>\n\t\t\t\t<\/div>\n\t\t\t\t\t<\/div>\n\t\t\t\t<\/div>\n\t\t\t\t<\/div>\n\t\t","protected":false},"excerpt":{"rendered":"<p>Produits arr\u00eats de neiges individuels et \u00e0 barreaux \/ brises-glace Prot\u00e9gez votre propri\u00e9t\u00e9 avec nos solutions essentielles de retenue de neige. Chez Westend Metals inc., nous proposons une vari\u00e9t\u00e9 d&rsquo;arr\u00eats de neige individuels et \u00e0 barreaux et de brises-glace con\u00e7us pour s\u00e9curiser la neige sur votre toit, emp\u00eachant des avalanches dangereuses qui pourraient endommager le [&hellip;]<\/p>\n","protected":false},"author":1,"featured_media":0,"parent":2012,"menu_order":0,"comment_status":"closed","ping_status":"closed","template":"","meta":{"_seopress_robots_primary_cat":"","_seopress_titles_title":"Arr\u00eats de neiges individuels et \u00e0 barreaux \/ brises-glace | Westend Metals Inc.","_seopress_titles_desc":"Prot\u00e9gez votre toiture avec les syst\u00e8mes de retenue de neige. Pare-neige, rails \u00e0 neige et brises-glace de haute qualit\u00e9 pour toits m\u00e9talliques, contre les dommages hivernaux.","_seopress_robots_index":"","inline_featured_image":false,"footnotes":""},"class_list":["post-2045","page","type-page","status-publish","hentry"],"_links":{"self":[{"href":"https:\/\/westendmetals.ca\/fr\/wp-json\/wp\/v2\/pages\/2045","targetHints":{"allow":["GET"]}}],"collection":[{"href":"https:\/\/westendmetals.ca\/fr\/wp-json\/wp\/v2\/pages"}],"about":[{"href":"https:\/\/westendmetals.ca\/fr\/wp-json\/wp\/v2\/types\/page"}],"author":[{"embeddable":true,"href":"https:\/\/westendmetals.ca\/fr\/wp-json\/wp\/v2\/users\/1"}],"replies":[{"embeddable":true,"href":"https:\/\/westendmetals.ca\/fr\/wp-json\/wp\/v2\/comments?post=2045"}],"version-history":[{"count":4,"href":"https:\/\/westendmetals.ca\/fr\/wp-json\/wp\/v2\/pages\/2045\/revisions"}],"predecessor-version":[{"id":2049,"href":"https:\/\/westendmetals.ca\/fr\/wp-json\/wp\/v2\/pages\/2045\/revisions\/2049"}],"up":[{"embeddable":true,"href":"https:\/\/westendmetals.ca\/fr\/wp-json\/wp\/v2\/pages\/2012"}],"wp:attachment":[{"href":"https:\/\/westendmetals.ca\/fr\/wp-json\/wp\/v2\/media?parent=2045"}],"curies":[{"name":"wp","href":"https:\/\/api.w.org\/{rel}","templated":true}]}}