{"id":2050,"date":"2024-04-29T12:52:22","date_gmt":"2024-04-29T16:52:22","guid":{"rendered":"https:\/\/westendmetals.ca\/produits\/siding\/"},"modified":"2024-05-27T09:27:42","modified_gmt":"2024-05-27T13:27:42","slug":"revetement","status":"publish","type":"page","link":"https:\/\/westendmetals.ca\/fr\/produits\/revetement\/","title":{"rendered":"Rev\u00eatement"},"content":{"rendered":"\t\t<div data-elementor-type=\"wp-page\" data-elementor-id=\"2050\" class=\"elementor elementor-2050 elementor-1252\" data-elementor-post-type=\"page\">\n\t\t\t\t<div class=\"elementor-element elementor-element-370f187 e-flex e-con-boxed e-con e-parent\" data-id=\"370f187\" data-element_type=\"container\" data-e-type=\"container\" data-settings=\"{&quot;background_background&quot;:&quot;classic&quot;}\">\n\t\t\t\t\t<div class=\"e-con-inner\">\n\t\t<div class=\"elementor-element elementor-element-d6858d6 e-flex e-con-boxed e-con e-child\" data-id=\"d6858d6\" data-element_type=\"container\" data-e-type=\"container\">\n\t\t\t\t\t<div class=\"e-con-inner\">\n\t\t\t\t<div class=\"elementor-element elementor-element-53cf75a elementor-widget elementor-widget-text-editor\" data-id=\"53cf75a\" data-element_type=\"widget\" data-e-type=\"widget\" data-widget_type=\"text-editor.default\">\n\t\t\t\t<div class=\"elementor-widget-container\">\n\t\t\t\t\t\t\t\t\t<nav  aria-label=\"Fil d&#039;Ariane\"><ol class=\"breadcrumb\" itemscope itemtype=\"https:\/\/schema.org\/BreadcrumbList\"><li class=\"breadcrumb-item active\" aria-current=\"page\" itemprop=\"itemListElement\" itemscope itemtype=\"https:\/\/schema.org\/ListItem\"><span itemprop=\"name\">Accueil<\/span><meta itemprop=\"position\" content=\"1\"><\/li><\/ol><\/nav>\t\t\t\t\t\t\t\t<\/div>\n\t\t\t\t<\/div>\n\t\t\t\t\t<\/div>\n\t\t\t\t<\/div>\n\t\t\t\t\t<\/div>\n\t\t\t\t<\/div>\n\t\t<div class=\"elementor-element elementor-element-f162c2e e-flex e-con-boxed e-con e-parent\" data-id=\"f162c2e\" data-element_type=\"container\" data-e-type=\"container\" data-settings=\"{&quot;background_background&quot;:&quot;classic&quot;}\">\n\t\t\t\t\t<div class=\"e-con-inner\">\n\t\t<div class=\"elementor-element elementor-element-c168a1c e-con-full e-flex e-con e-child\" data-id=\"c168a1c\" data-element_type=\"container\" data-e-type=\"container\" data-settings=\"{&quot;background_background&quot;:&quot;classic&quot;}\">\n\t\t<div class=\"elementor-element elementor-element-3f982e1 e-con-full e-flex e-con e-child\" data-id=\"3f982e1\" data-element_type=\"container\" data-e-type=\"container\" data-settings=\"{&quot;background_background&quot;:&quot;classic&quot;}\">\n\t\t<div class=\"elementor-element elementor-element-de563c4 bg_gradient_light_blue e-con-full e-flex e-con e-child\" data-id=\"de563c4\" data-element_type=\"container\" data-e-type=\"container\" data-settings=\"{&quot;position&quot;:&quot;absolute&quot;}\">\n\t\t\t\t<div class=\"elementor-element elementor-element-4c449f5 elementor-widget elementor-widget-image\" data-id=\"4c449f5\" data-element_type=\"widget\" data-e-type=\"widget\" data-widget_type=\"image.default\">\n\t\t\t\t<div class=\"elementor-widget-container\">\n\t\t\t\t\t\t\t\t\t\t\t\t\t\t\t<img fetchpriority=\"high\" decoding=\"async\" width=\"800\" height=\"541\" src=\"https:\/\/westendmetals.ca\/wp-content\/uploads\/2024\/04\/Siding.svg\" class=\"attachment-large size-large wp-image-1886\" alt=\"\" \/>\t\t\t\t\t\t\t\t\t\t\t\t\t\t\t<\/div>\n\t\t\t\t<\/div>\n\t\t\t\t<\/div>\n\t\t\t\t<\/div>\n\t\t<div class=\"elementor-element elementor-element-fa1888d e-con-full elementor-hidden-tablet elementor-hidden-mobile_extra elementor-hidden-mobile e-flex e-con e-child\" data-id=\"fa1888d\" data-element_type=\"container\" data-e-type=\"container\" data-settings=\"{&quot;background_background&quot;:&quot;classic&quot;}\">\n\t\t\t\t<\/div>\n\t\t\t\t<\/div>\n\t\t<div class=\"elementor-element elementor-element-805fe46 e-con-full e-flex e-con e-child\" data-id=\"805fe46\" data-element_type=\"container\" data-e-type=\"container\">\n\t\t\t\t<div class=\"elementor-element elementor-element-050048f elementor-widget elementor-widget-text-editor\" data-id=\"050048f\" data-element_type=\"widget\" data-e-type=\"widget\" data-widget_type=\"text-editor.default\">\n\t\t\t\t<div class=\"elementor-widget-container\">\n\t\t\t\t\t\t\t\t\tProduits\t\t\t\t\t\t\t\t<\/div>\n\t\t\t\t<\/div>\n\t\t\t\t<div class=\"elementor-element elementor-element-4827999 elementor-widget__width-initial elementor-widget-mobile__width-inherit elementor-widget elementor-widget-heading\" data-id=\"4827999\" data-element_type=\"widget\" data-e-type=\"widget\" data-widget_type=\"heading.default\">\n\t\t\t\t<div class=\"elementor-widget-container\">\n\t\t\t\t\t<h2 class=\"elementor-heading-title elementor-size-default\">Rev\u00eatement<\/h2>\t\t\t\t<\/div>\n\t\t\t\t<\/div>\n\t\t\t\t<div class=\"elementor-element elementor-element-e421935 elementor-widget elementor-widget-text-editor\" data-id=\"e421935\" data-element_type=\"widget\" data-e-type=\"widget\" data-widget_type=\"text-editor.default\">\n\t\t\t\t<div class=\"elementor-widget-container\">\n\t\t\t\t\t\t\t\t\t<p>Chez Westend Metals Inc., nous offrons une gamme compl\u00e8te d&rsquo;options de rev\u00eatement pour rehausser l&rsquo;ext\u00e9rieur de votre projet. Notre s\u00e9lection comprend du rev\u00eatement en acier durable, des conceptions personnalis\u00e9es polyvalentes, et une vari\u00e9t\u00e9 de styles tels que board and batten, shakes and scallops, motifs de pierre, Dutch lap traditionnel, rev\u00eatement vertical, et finitions en grain de bois authentiques. Nous sommes fiers de fabriquer \u00e0 la fois en interne et sur site, garantissant que nos produits sont imm\u00e9diatement disponibles et pr\u00e9cis\u00e9ment adapt\u00e9s \u00e0 vos sp\u00e9cifications. Choisissez Westend Metals Inc. pour des solutions de rev\u00eatement qui allient qualit\u00e9, style et fonctionnalit\u00e9 de mani\u00e8re transparente.<\/p>\t\t\t\t\t\t\t\t<\/div>\n\t\t\t\t<\/div>\n\t\t\t\t<div class=\"elementor-element elementor-element-33ab813 elementor-icon-list--layout-traditional elementor-list-item-link-full_width elementor-widget elementor-widget-icon-list\" data-id=\"33ab813\" data-element_type=\"widget\" data-e-type=\"widget\" data-widget_type=\"icon-list.default\">\n\t\t\t\t<div class=\"elementor-widget-container\">\n\t\t\t\t\t\t\t<ul class=\"elementor-icon-list-items\">\n\t\t\t\t\t\t\t<li class=\"elementor-icon-list-item\">\n\t\t\t\t\t\t\t\t\t\t\t<span class=\"elementor-icon-list-icon\">\n\t\t\t\t\t\t\t<svg xmlns=\"http:\/\/www.w3.org\/2000\/svg\" width=\"21.912\" height=\"21.212\" viewBox=\"0 0 21.912 21.212\"><path id=\"np_arrow_3134103_000000\" d=\"M13.456,2.5A11.138,11.138,0,0,0,5.709,5.607a10.366,10.366,0,0,0,0,15,11.211,11.211,0,0,0,15.493,0,10.366,10.366,0,0,0,0-15A11.138,11.138,0,0,0,13.456,2.5Zm5.386,11.537L14.69,18.056a1.336,1.336,0,0,1-1.845,0,1.234,1.234,0,0,1,0-1.786l1.995-1.914H8.991a1.26,1.26,0,1,1,0-2.519h5.821l-1.962-1.9a1.234,1.234,0,0,1,0-1.786,1.335,1.335,0,0,1,1.845,0l4.152,4.019a1.228,1.228,0,0,1,.376.938v.04a1.236,1.236,0,0,1-.38.891Z\" transform=\"translate(-2.5 -2.5)\" fill=\"#c2a181\"><\/path><\/svg>\t\t\t\t\t\t<\/span>\n\t\t\t\t\t\t\t\t\t\t<span class=\"elementor-icon-list-text\">Acier<\/span>\n\t\t\t\t\t\t\t\t\t<\/li>\n\t\t\t\t\t\t\t\t<li class=\"elementor-icon-list-item\">\n\t\t\t\t\t\t\t\t\t\t\t<span class=\"elementor-icon-list-icon\">\n\t\t\t\t\t\t\t<svg xmlns=\"http:\/\/www.w3.org\/2000\/svg\" width=\"21.912\" height=\"21.212\" viewBox=\"0 0 21.912 21.212\"><path id=\"np_arrow_3134103_000000\" d=\"M13.456,2.5A11.138,11.138,0,0,0,5.709,5.607a10.366,10.366,0,0,0,0,15,11.211,11.211,0,0,0,15.493,0,10.366,10.366,0,0,0,0-15A11.138,11.138,0,0,0,13.456,2.5Zm5.386,11.537L14.69,18.056a1.336,1.336,0,0,1-1.845,0,1.234,1.234,0,0,1,0-1.786l1.995-1.914H8.991a1.26,1.26,0,1,1,0-2.519h5.821l-1.962-1.9a1.234,1.234,0,0,1,0-1.786,1.335,1.335,0,0,1,1.845,0l4.152,4.019a1.228,1.228,0,0,1,.376.938v.04a1.236,1.236,0,0,1-.38.891Z\" transform=\"translate(-2.5 -2.5)\" fill=\"#c2a181\"><\/path><\/svg>\t\t\t\t\t\t<\/span>\n\t\t\t\t\t\t\t\t\t\t<span class=\"elementor-icon-list-text\">Aluminium<\/span>\n\t\t\t\t\t\t\t\t\t<\/li>\n\t\t\t\t\t\t\t\t<li class=\"elementor-icon-list-item\">\n\t\t\t\t\t\t\t\t\t\t\t<span class=\"elementor-icon-list-icon\">\n\t\t\t\t\t\t\t<svg xmlns=\"http:\/\/www.w3.org\/2000\/svg\" width=\"21.912\" height=\"21.212\" viewBox=\"0 0 21.912 21.212\"><path id=\"np_arrow_3134103_000000\" d=\"M13.456,2.5A11.138,11.138,0,0,0,5.709,5.607a10.366,10.366,0,0,0,0,15,11.211,11.211,0,0,0,15.493,0,10.366,10.366,0,0,0,0-15A11.138,11.138,0,0,0,13.456,2.5Zm5.386,11.537L14.69,18.056a1.336,1.336,0,0,1-1.845,0,1.234,1.234,0,0,1,0-1.786l1.995-1.914H8.991a1.26,1.26,0,1,1,0-2.519h5.821l-1.962-1.9a1.234,1.234,0,0,1,0-1.786,1.335,1.335,0,0,1,1.845,0l4.152,4.019a1.228,1.228,0,0,1,.376.938v.04a1.236,1.236,0,0,1-.38.891Z\" transform=\"translate(-2.5 -2.5)\" fill=\"#c2a181\"><\/path><\/svg>\t\t\t\t\t\t<\/span>\n\t\t\t\t\t\t\t\t\t\t<span class=\"elementor-icon-list-text\">Vinyle<\/span>\n\t\t\t\t\t\t\t\t\t<\/li>\n\t\t\t\t\t\t<\/ul>\n\t\t\t\t\t\t<\/div>\n\t\t\t\t<\/div>\n\t\t\t\t<\/div>\n\t\t\t\t\t<\/div>\n\t\t\t\t<\/div>\n\t\t\t\t<\/div>\n\t\t","protected":false},"excerpt":{"rendered":"<p>Produits Rev\u00eatement Chez Westend Metals Inc., nous offrons une gamme compl\u00e8te d&rsquo;options de rev\u00eatement pour rehausser l&rsquo;ext\u00e9rieur de votre projet. Notre s\u00e9lection comprend du rev\u00eatement en acier durable, des conceptions personnalis\u00e9es polyvalentes, et une vari\u00e9t\u00e9 de styles tels que board and batten, shakes and scallops, motifs de pierre, Dutch lap traditionnel, rev\u00eatement vertical, et finitions [&hellip;]<\/p>\n","protected":false},"author":1,"featured_media":0,"parent":2012,"menu_order":0,"comment_status":"closed","ping_status":"closed","template":"","meta":{"_seopress_robots_primary_cat":"","_seopress_titles_title":"Rev\u00eatement polyvalent et durable | Westend Metals Inc.","_seopress_titles_desc":"D\u00e9couvrez la s\u00e9lection de rev\u00eatement en acier et en aluminium, offrant une qualit\u00e9 durable et une polyvalence esth\u00e9tique pour vos projets de construction.","_seopress_robots_index":"","inline_featured_image":false,"footnotes":""},"class_list":["post-2050","page","type-page","status-publish","hentry"],"_links":{"self":[{"href":"https:\/\/westendmetals.ca\/fr\/wp-json\/wp\/v2\/pages\/2050","targetHints":{"allow":["GET"]}}],"collection":[{"href":"https:\/\/westendmetals.ca\/fr\/wp-json\/wp\/v2\/pages"}],"about":[{"href":"https:\/\/westendmetals.ca\/fr\/wp-json\/wp\/v2\/types\/page"}],"author":[{"embeddable":true,"href":"https:\/\/westendmetals.ca\/fr\/wp-json\/wp\/v2\/users\/1"}],"replies":[{"embeddable":true,"href":"https:\/\/westendmetals.ca\/fr\/wp-json\/wp\/v2\/comments?post=2050"}],"version-history":[{"count":10,"href":"https:\/\/westendmetals.ca\/fr\/wp-json\/wp\/v2\/pages\/2050\/revisions"}],"predecessor-version":[{"id":2135,"href":"https:\/\/westendmetals.ca\/fr\/wp-json\/wp\/v2\/pages\/2050\/revisions\/2135"}],"up":[{"embeddable":true,"href":"https:\/\/westendmetals.ca\/fr\/wp-json\/wp\/v2\/pages\/2012"}],"wp:attachment":[{"href":"https:\/\/westendmetals.ca\/fr\/wp-json\/wp\/v2\/media?parent=2050"}],"curies":[{"name":"wp","href":"https:\/\/api.w.org\/{rel}","templated":true}]}}