{"id":2055,"date":"2024-04-26T15:15:32","date_gmt":"2024-04-26T19:15:32","guid":{"rendered":"https:\/\/westendmetals.ca\/contact\/"},"modified":"2025-11-13T11:55:03","modified_gmt":"2025-11-13T16:55:03","slug":"contact","status":"publish","type":"page","link":"https:\/\/westendmetals.ca\/fr\/contact\/","title":{"rendered":"Contact"},"content":{"rendered":"\t\t<div data-elementor-type=\"wp-page\" data-elementor-id=\"2055\" class=\"elementor elementor-2055 elementor-1008\" data-elementor-post-type=\"page\">\n\t\t\t\t<div class=\"elementor-element elementor-element-4bec528 e-flex e-con-boxed e-con e-parent\" data-id=\"4bec528\" data-element_type=\"container\" data-e-type=\"container\" data-settings=\"{&quot;background_background&quot;:&quot;classic&quot;}\">\n\t\t\t\t\t<div class=\"e-con-inner\">\n\t\t<div class=\"elementor-element elementor-element-586d96b e-flex e-con-boxed e-con e-child\" data-id=\"586d96b\" data-element_type=\"container\" data-e-type=\"container\">\n\t\t\t\t\t<div class=\"e-con-inner\">\n\t\t\t\t<div class=\"elementor-element elementor-element-27cbc0d elementor-widget elementor-widget-text-editor\" data-id=\"27cbc0d\" data-element_type=\"widget\" data-e-type=\"widget\" data-widget_type=\"text-editor.default\">\n\t\t\t\t<div class=\"elementor-widget-container\">\n\t\t\t\t\t\t\t\t\t<nav  aria-label=\"Fil d&#039;Ariane\"><ol class=\"breadcrumb\" itemscope itemtype=\"https:\/\/schema.org\/BreadcrumbList\"><li class=\"breadcrumb-item active\" aria-current=\"page\" itemprop=\"itemListElement\" itemscope itemtype=\"https:\/\/schema.org\/ListItem\"><span itemprop=\"name\">Accueil<\/span><meta itemprop=\"position\" content=\"1\"><\/li><\/ol><\/nav>\t\t\t\t\t\t\t\t<\/div>\n\t\t\t\t<\/div>\n\t\t\t\t\t<\/div>\n\t\t\t\t<\/div>\n\t\t\t\t\t<\/div>\n\t\t\t\t<\/div>\n\t\t<div class=\"elementor-element elementor-element-5e1b5c6 e-flex e-con-boxed e-con e-parent\" data-id=\"5e1b5c6\" data-element_type=\"container\" data-e-type=\"container\" data-settings=\"{&quot;background_background&quot;:&quot;classic&quot;}\">\n\t\t\t\t\t<div class=\"e-con-inner\">\n\t\t<div class=\"elementor-element elementor-element-c128ca1 e-flex e-con-boxed e-con e-child\" data-id=\"c128ca1\" data-element_type=\"container\" data-e-type=\"container\">\n\t\t\t\t\t<div class=\"e-con-inner\">\n\t\t<div class=\"elementor-element elementor-element-e61e85a form_box_shadow e-con-full e-flex e-con e-child\" data-id=\"e61e85a\" data-element_type=\"container\" data-e-type=\"container\" data-settings=\"{&quot;background_background&quot;:&quot;classic&quot;}\">\n\t\t\t\t<div class=\"elementor-element elementor-element-83f35ad elementor-widget elementor-widget-heading\" data-id=\"83f35ad\" data-element_type=\"widget\" data-e-type=\"widget\" data-widget_type=\"heading.default\">\n\t\t\t\t<div class=\"elementor-widget-container\">\n\t\t\t\t\t<h3 class=\"elementor-heading-title elementor-size-default\">Contact<\/h3>\t\t\t\t<\/div>\n\t\t\t\t<\/div>\n\t\t\t\t<div class=\"elementor-element elementor-element-d62971e elementor-button-align-end form_contact elementor-widget elementor-widget-form\" data-id=\"d62971e\" data-element_type=\"widget\" data-e-type=\"widget\" data-settings=\"{&quot;step_next_label&quot;:&quot;Next&quot;,&quot;step_previous_label&quot;:&quot;Previous&quot;,&quot;button_width&quot;:&quot;100&quot;,&quot;step_type&quot;:&quot;number_text&quot;,&quot;step_icon_shape&quot;:&quot;circle&quot;}\" data-widget_type=\"form.default\">\n\t\t\t\t<div class=\"elementor-widget-container\">\n\t\t\t\t\t\t\t<form class=\"elementor-form\" method=\"post\" name=\"Form contact\" aria-label=\"Form contact\">\n\t\t\t<input type=\"hidden\" name=\"post_id\" value=\"2055\"\/>\n\t\t\t<input type=\"hidden\" name=\"form_id\" value=\"d62971e\"\/>\n\t\t\t<input type=\"hidden\" name=\"referer_title\" value=\"\" \/>\n\n\t\t\t\n\t\t\t<div class=\"elementor-form-fields-wrapper elementor-labels-\">\n\t\t\t\t\t\t\t\t<div class=\"elementor-field-type-text elementor-field-group elementor-column elementor-field-group-fname elementor-col-50 elementor-field-required\">\n\t\t\t\t\t\t\t\t\t\t\t\t<label for=\"form-field-fname\" class=\"elementor-field-label elementor-screen-only\">\n\t\t\t\t\t\t\t\tPr\u00e9nom\t\t\t\t\t\t\t<\/label>\n\t\t\t\t\t\t\t\t\t\t\t\t\t\t<input size=\"1\" type=\"text\" name=\"form_fields[fname]\" id=\"form-field-fname\" class=\"elementor-field elementor-size-sm  elementor-field-textual\" placeholder=\"Pr\u00e9nom\" required=\"required\">\n\t\t\t\t\t\t\t\t\t\t\t<\/div>\n\t\t\t\t\t\t\t\t<div class=\"elementor-field-type-text elementor-field-group elementor-column elementor-field-group-lname elementor-col-50 elementor-field-required\">\n\t\t\t\t\t\t\t\t\t\t\t\t<label for=\"form-field-lname\" class=\"elementor-field-label elementor-screen-only\">\n\t\t\t\t\t\t\t\tNom\t\t\t\t\t\t\t<\/label>\n\t\t\t\t\t\t\t\t\t\t\t\t\t\t<input size=\"1\" type=\"text\" name=\"form_fields[lname]\" id=\"form-field-lname\" class=\"elementor-field elementor-size-sm  elementor-field-textual\" placeholder=\"Nom\" required=\"required\">\n\t\t\t\t\t\t\t\t\t\t\t<\/div>\n\t\t\t\t\t\t\t\t<div class=\"elementor-field-type-tel elementor-field-group elementor-column elementor-field-group-field_1a974c4 elementor-col-50 elementor-field-required\">\n\t\t\t\t\t\t\t\t\t\t\t\t<label for=\"form-field-field_1a974c4\" class=\"elementor-field-label elementor-screen-only\">\n\t\t\t\t\t\t\t\tNum\u00e9ro de t\u00e9l\u00e9phone\t\t\t\t\t\t\t<\/label>\n\t\t\t\t\t\t\t\t<input size=\"1\" type=\"tel\" name=\"form_fields[field_1a974c4]\" id=\"form-field-field_1a974c4\" class=\"elementor-field elementor-size-sm  elementor-field-textual\" placeholder=\"Num\u00e9ro de t\u00e9l\u00e9phone\" required=\"required\" pattern=\"[0-9()#&amp;+*-=.]+\" title=\"Seuls les caract\u00e8res de num\u00e9ros de t\u00e9l\u00e9phone (#, -, *, etc.) sont accept\u00e9s.\">\n\n\t\t\t\t\t\t<\/div>\n\t\t\t\t\t\t\t\t<div class=\"elementor-field-type-email elementor-field-group elementor-column elementor-field-group-email elementor-col-50 elementor-field-required\">\n\t\t\t\t\t\t\t\t\t\t\t\t<label for=\"form-field-email\" class=\"elementor-field-label elementor-screen-only\">\n\t\t\t\t\t\t\t\tCourriel\t\t\t\t\t\t\t<\/label>\n\t\t\t\t\t\t\t\t\t\t\t\t\t\t<input size=\"1\" type=\"email\" name=\"form_fields[email]\" id=\"form-field-email\" class=\"elementor-field elementor-size-sm  elementor-field-textual\" placeholder=\"Courriel\" required=\"required\">\n\t\t\t\t\t\t\t\t\t\t\t<\/div>\n\t\t\t\t\t\t\t\t<div class=\"elementor-field-type-text elementor-field-group elementor-column elementor-field-group-field_4d25c2c elementor-col-100\">\n\t\t\t\t\t\t\t\t\t\t\t\t<label for=\"form-field-field_4d25c2c\" class=\"elementor-field-label elementor-screen-only\">\n\t\t\t\t\t\t\t\tObjet\t\t\t\t\t\t\t<\/label>\n\t\t\t\t\t\t\t\t\t\t\t\t\t\t<input size=\"1\" type=\"text\" name=\"form_fields[field_4d25c2c]\" id=\"form-field-field_4d25c2c\" class=\"elementor-field elementor-size-sm  elementor-field-textual\" placeholder=\"Objet\">\n\t\t\t\t\t\t\t\t\t\t\t<\/div>\n\t\t\t\t\t\t\t\t<div class=\"elementor-field-type-textarea elementor-field-group elementor-column elementor-field-group-message elementor-col-100\">\n\t\t\t\t\t\t\t\t\t\t\t\t<label for=\"form-field-message\" class=\"elementor-field-label elementor-screen-only\">\n\t\t\t\t\t\t\t\tDescription du projet\t\t\t\t\t\t\t<\/label>\n\t\t\t\t\t\t<textarea class=\"elementor-field-textual elementor-field  elementor-size-sm\" name=\"form_fields[message]\" id=\"form-field-message\" rows=\"7\" placeholder=\"Description du projet\"><\/textarea>\t\t\t\t<\/div>\n\t\t\t\t\t\t\t\t<div class=\"elementor-field-type-recaptcha_v3 elementor-field-group elementor-column elementor-field-group-field_a34191d elementor-col-100 recaptcha_v3-bottomright\">\n\t\t\t\t\t<div class=\"elementor-field\" id=\"form-field-field_a34191d\"><div class=\"elementor-g-recaptcha\" data-sitekey=\"6LfElpApAAAAAMwI__BZd7IfEUeSX3vvN1sR8huZ\" data-type=\"v3\" data-action=\"Form\" data-badge=\"bottomright\" data-size=\"invisible\"><\/div><\/div>\t\t\t\t<\/div>\n\t\t\t\t\t\t\t\t<div class=\"elementor-field-group elementor-column elementor-field-type-submit elementor-col-100 e-form__buttons\">\n\t\t\t\t\t<button class=\"elementor-button elementor-size-sm elementor-animation-sink\" type=\"submit\">\n\t\t\t\t\t\t<span class=\"elementor-button-content-wrapper\">\n\t\t\t\t\t\t\t\t\t\t\t\t\t\t\t\t\t\t\t\t\t\t<span class=\"elementor-button-text\">Soumettre votre demande<\/span>\n\t\t\t\t\t\t\t\t\t\t\t\t\t<\/span>\n\t\t\t\t\t<\/button>\n\t\t\t\t<\/div>\n\t\t\t<\/div>\n\t\t<input\n                    class=\"apbct_special_field apbct_email_id__elementor_form\"\n                    name=\"apbct__email_id__elementor_form\"\n                    aria-label=\"apbct__label_id__elementor_form\"\n                    type=\"text\" size=\"30\" maxlength=\"200\" autocomplete=\"off\"\n                    value=\"\"\n                \/><\/form>\n\t\t\t\t\t\t<\/div>\n\t\t\t\t<\/div>\n\t\t\t\t<\/div>\n\t\t\t\t\t<\/div>\n\t\t\t\t<\/div>\n\t\t<div class=\"elementor-element elementor-element-f72f3cb e-con-full e-flex e-con e-child\" data-id=\"f72f3cb\" data-element_type=\"container\" data-e-type=\"container\">\n\t\t\t\t<div class=\"elementor-element elementor-element-b2e50cf elementor-widget elementor-widget-text-editor\" data-id=\"b2e50cf\" data-element_type=\"widget\" data-e-type=\"widget\" data-widget_type=\"text-editor.default\">\n\t\t\t\t<div class=\"elementor-widget-container\">\n\t\t\t\t\t\t\t\t\tContact\t\t\t\t\t\t\t\t<\/div>\n\t\t\t\t<\/div>\n\t\t\t\t<div class=\"elementor-element elementor-element-fa9a9e4 elementor-widget__width-initial elementor-widget-mobile__width-inherit elementor-widget elementor-widget-heading\" data-id=\"fa9a9e4\" data-element_type=\"widget\" data-e-type=\"widget\" data-widget_type=\"heading.default\">\n\t\t\t\t<div class=\"elementor-widget-container\">\n\t\t\t\t\t<h2 class=\"elementor-heading-title elementor-size-default\">Avez-vous un projet en t\u00eate ou besoin de solutions m\u00e9talliques sur <span style=\"white-space:nowrap\">mesure ?<\/span>\n<\/h2>\t\t\t\t<\/div>\n\t\t\t\t<\/div>\n\t\t\t\t<div class=\"elementor-element elementor-element-f54670a elementor-widget elementor-widget-text-editor\" data-id=\"f54670a\" data-element_type=\"widget\" data-e-type=\"widget\" data-widget_type=\"text-editor.default\">\n\t\t\t\t<div class=\"elementor-widget-container\">\n\t\t\t\t\t\t\t\t\tChez Westend Metals inc., nous sommes pr\u00eats \u00e0 vous aider avec vos besoins sp\u00e9cifiques. Partagez les d\u00e9tails de votre projet avec nous, et laissez nos experts vous fournir des conseils personnalis\u00e9s et des produits m\u00e9talliques de qualit\u00e9 sup\u00e9rieure con\u00e7us pour r\u00e9pondre \u00e0 vos besoins uniques. N&rsquo;h\u00e9sitez pas \u00e0 nous contacter d\u00e8s aujourd&rsquo;hui \u2014 r\u00e9alisons ensemble votre vision! Contactez-nous par t\u00e9l\u00e9phone, courriel ou visitez notre bureau en personne. Nous nous r\u00e9jouissons de collaborer avec vous et de donner vie \u00e0 votre projet!\n\t\t\t\t\t\t\t\t<\/div>\n\t\t\t\t<\/div>\n\t\t\t\t<div class=\"elementor-element elementor-element-e97a575 elementor-icon-list--layout-traditional elementor-list-item-link-full_width elementor-widget elementor-widget-icon-list\" data-id=\"e97a575\" data-element_type=\"widget\" data-e-type=\"widget\" data-widget_type=\"icon-list.default\">\n\t\t\t\t<div class=\"elementor-widget-container\">\n\t\t\t\t\t\t\t<ul class=\"elementor-icon-list-items\">\n\t\t\t\t\t\t\t<li class=\"elementor-icon-list-item\">\n\t\t\t\t\t\t\t\t\t\t\t<a href=\"tel:+16138393300\">\n\n\t\t\t\t\t\t\t\t\t\t\t\t<span class=\"elementor-icon-list-icon\">\n\t\t\t\t\t\t\t<svg xmlns=\"http:\/\/www.w3.org\/2000\/svg\" id=\"np_phone_6639742_000000\" width=\"21.006\" height=\"21.006\" viewBox=\"0 0 21.006 21.006\"><path id=\"Path_149\" data-name=\"Path 149\" d=\"M21.331,23.123a4.914,4.914,0,0,0,5.548.981,2.592,2.592,0,0,1,2.919.54l2.165,2.165a2.629,2.629,0,0,1-.542,4.128,13.085,13.085,0,0,1-17.9-17.9,2.629,2.629,0,0,1,4.128-.542l2.164,2.164a2.6,2.6,0,0,1,.541,2.919,4.915,4.915,0,0,0,.98,5.548Z\" transform=\"translate(-11.725 -11.724)\" fill=\"#c2a181\"><\/path><path id=\"Path_150\" data-name=\"Path 150\" d=\"M66.477,13.154a.716.716,0,0,0-1.011,0l-5.3,5.3V15.9a.715.715,0,1,0-1.43,0v4.286a.779.779,0,0,0,.014.14c0,.021.012.041.018.062s.013.048.023.072.025.047.038.071.017.035.029.053a.727.727,0,0,0,.2.2.516.516,0,0,0,.054.029.536.536,0,0,0,.07.036c.024.01.047.015.072.023a.594.594,0,0,0,.062.018.686.686,0,0,0,.14.014h4.284a.715.715,0,0,0,0-1.43h-2.56l5.3-5.3a.718.718,0,0,0,0-1.011Z\" transform=\"translate(-45.834 -12.61)\" fill=\"#c2a181\"><\/path><\/svg>\t\t\t\t\t\t<\/span>\n\t\t\t\t\t\t\t\t\t\t<span class=\"elementor-icon-list-text\">613-839-3300<\/span>\n\t\t\t\t\t\t\t\t\t\t\t<\/a>\n\t\t\t\t\t\t\t\t\t<\/li>\n\t\t\t\t\t\t\t\t<li class=\"elementor-icon-list-item\">\n\t\t\t\t\t\t\t\t\t\t\t<a href=\"mailto:info@westendmetals.ca\">\n\n\t\t\t\t\t\t\t\t\t\t\t\t<span class=\"elementor-icon-list-icon\">\n\t\t\t\t\t\t\t<svg xmlns=\"http:\/\/www.w3.org\/2000\/svg\" id=\"np_email_6635429_000000\" width=\"22.225\" height=\"23.096\" viewBox=\"0 0 22.225 23.096\"><path id=\"Path_151\" data-name=\"Path 151\" d=\"M32.01,31.87a.5.5,0,0,0,.024-.146.545.545,0,0,0-.21-.436l-3.663-2.834a.54.54,0,1,0-.661.854L30.594,31.7l-9.647,7.027L11.3,31.7l3.054-2.371a.541.541,0,1,0-.664-.854l-3.62,2.811a.532.532,0,0,0-.185.58.544.544,0,0,0-.051.226V42.356a3.53,3.53,0,0,0,3.526,3.525H28.536a3.529,3.529,0,0,0,3.525-3.525V32.1a.528.528,0,0,0-.051-.226Z\" transform=\"translate(-9.836 -22.785)\" fill=\"#c2a181\"><\/path><path id=\"Path_152\" data-name=\"Path 152\" d=\"M34.773,19.912H34.8l1.8-.083a.54.54,0,1,0-.049-1.08l-1.789.082a4.745,4.745,0,1,1,4.757-4.745,5.923,5.923,0,0,1-.256,1.548c-.4,1.46-.761,1.593-.762,1.593-.163-.006-.579-.548-.835-1.163l-.237-2.01V12.312a.54.54,0,0,0-.992-.3,2.655,2.655,0,1,0,.137,4.013l.027.231a.575.575,0,0,0,.034.135c.182.463.858,1.967,1.924,1.909.994-.054,1.473-1.388,1.748-2.387a6.863,6.863,0,0,0,.3-1.833,5.826,5.826,0,1,0-5.829,5.827Zm0-4.253a1.574,1.574,0,1,1,1.574-1.574A1.576,1.576,0,0,1,34.773,15.659Z\" transform=\"translate(-23.661 -8.258)\" fill=\"#c2a181\"><\/path><\/svg>\t\t\t\t\t\t<\/span>\n\t\t\t\t\t\t\t\t\t\t<span class=\"elementor-icon-list-text\">info@westendmetals.ca<\/span>\n\t\t\t\t\t\t\t\t\t\t\t<\/a>\n\t\t\t\t\t\t\t\t\t<\/li>\n\t\t\t\t\t\t\t\t<li class=\"elementor-icon-list-item\">\n\t\t\t\t\t\t\t\t\t\t\t<a href=\"https:\/\/maps.app.goo.gl\/xwuxR8RwSwaSjikT6\" target=\"_blank\">\n\n\t\t\t\t\t\t\t\t\t\t\t\t<span class=\"elementor-icon-list-icon\">\n\t\t\t\t\t\t\t<svg xmlns=\"http:\/\/www.w3.org\/2000\/svg\" width=\"18.983\" height=\"24.567\" viewBox=\"0 0 18.983 24.567\"><path id=\"np_location_1280614_000000\" d=\"M25.5,6A9.444,9.444,0,0,0,16,15.361c0,2.674,1.624,5.667,3.533,8.4A51.037,51.037,0,0,0,24.1,29.328H17.474a.619.619,0,1,0,0,1.239H33.526a.619.619,0,1,0,0-1.239H26.9a48.647,48.647,0,0,0,4.859-5.863c1.811-2.639,3.219-5.464,3.219-8.1A9.435,9.435,0,0,0,25.5,6Zm0,4.947a4.436,4.436,0,1,1-4.458,4.432A4.432,4.432,0,0,1,25.5,10.947Z\" transform=\"translate(-16 -6)\" fill=\"#c2a181\" fill-rule=\"evenodd\"><\/path><\/svg>\t\t\t\t\t\t<\/span>\n\t\t\t\t\t\t\t\t\t\t<span class=\"elementor-icon-list-text\">2729, chemin Marshwood, Carp, ON K0A 1L0<\/span>\n\t\t\t\t\t\t\t\t\t\t\t<\/a>\n\t\t\t\t\t\t\t\t\t<\/li>\n\t\t\t\t\t\t<\/ul>\n\t\t\t\t\t\t<\/div>\n\t\t\t\t<\/div>\n\t\t\t\t<\/div>\n\t\t\t\t\t<\/div>\n\t\t\t\t<\/div>\n\t\t<div class=\"elementor-element elementor-element-24b1d88 e-flex e-con-boxed e-con e-parent\" data-id=\"24b1d88\" data-element_type=\"container\" data-e-type=\"container\" data-settings=\"{&quot;background_background&quot;:&quot;classic&quot;}\">\n\t\t\t\t\t<div class=\"e-con-inner\">\n\t\t<div class=\"elementor-element elementor-element-f9f6e4e e-flex e-con-boxed e-con e-child\" data-id=\"f9f6e4e\" data-element_type=\"container\" data-e-type=\"container\">\n\t\t\t\t\t<div class=\"e-con-inner\">\n\t\t\t\t<div class=\"elementor-element elementor-element-c066f63 elementor-widget elementor-widget-text-editor\" data-id=\"c066f63\" data-element_type=\"widget\" data-e-type=\"widget\" data-widget_type=\"text-editor.default\">\n\t\t\t\t<div class=\"elementor-widget-container\">\n\t\t\t\t\t\t\t\t\toffrant des conseils d\u2019experts, des produits sup\u00e9rieurs, et un service amical\t\t\t\t\t\t\t\t<\/div>\n\t\t\t\t<\/div>\n\t\t\t\t\t<\/div>\n\t\t\t\t<\/div>\n\t\t\t\t\t<\/div>\n\t\t\t\t<\/div>\n\t\t\t\t<\/div>\n\t\t","protected":false},"excerpt":{"rendered":"<p>Contact Contact Avez-vous un projet en t\u00eate ou besoin de solutions m\u00e9talliques sur mesure ? Chez Westend Metals inc., nous sommes pr\u00eats \u00e0 vous aider avec vos besoins sp\u00e9cifiques. Partagez les d\u00e9tails de votre projet avec nous, et laissez nos experts vous fournir des conseils personnalis\u00e9s et des produits m\u00e9talliques de qualit\u00e9 sup\u00e9rieure con\u00e7us pour [&hellip;]<\/p>\n","protected":false},"author":1,"featured_media":0,"parent":0,"menu_order":0,"comment_status":"closed","ping_status":"closed","template":"","meta":{"_seopress_robots_primary_cat":"","_seopress_titles_title":"Contactez-nous pour des solutions m\u00e9talliques sur mesure | Westend Metals Inc.","_seopress_titles_desc":"Besoin de solutions m\u00e9talliques sur mesure \u00e0 Ottawa ? Contactez Westend Metals Inc. pour un service client de qualit\u00e9 et des r\u00e9ponses rapides \u00e0 toutes vos questions.","_seopress_robots_index":"","inline_featured_image":false,"footnotes":""},"class_list":["post-2055","page","type-page","status-publish","hentry"],"_links":{"self":[{"href":"https:\/\/westendmetals.ca\/fr\/wp-json\/wp\/v2\/pages\/2055","targetHints":{"allow":["GET"]}}],"collection":[{"href":"https:\/\/westendmetals.ca\/fr\/wp-json\/wp\/v2\/pages"}],"about":[{"href":"https:\/\/westendmetals.ca\/fr\/wp-json\/wp\/v2\/types\/page"}],"author":[{"embeddable":true,"href":"https:\/\/westendmetals.ca\/fr\/wp-json\/wp\/v2\/users\/1"}],"replies":[{"embeddable":true,"href":"https:\/\/westendmetals.ca\/fr\/wp-json\/wp\/v2\/comments?post=2055"}],"version-history":[{"count":19,"href":"https:\/\/westendmetals.ca\/fr\/wp-json\/wp\/v2\/pages\/2055\/revisions"}],"predecessor-version":[{"id":2231,"href":"https:\/\/westendmetals.ca\/fr\/wp-json\/wp\/v2\/pages\/2055\/revisions\/2231"}],"wp:attachment":[{"href":"https:\/\/westendmetals.ca\/fr\/wp-json\/wp\/v2\/media?parent=2055"}],"curies":[{"name":"wp","href":"https:\/\/api.w.org\/{rel}","templated":true}]}}