{"id":2200,"date":"2025-10-22T09:40:22","date_gmt":"2025-10-22T13:40:22","guid":{"rendered":"https:\/\/westendmetals.ca\/?page_id=2200"},"modified":"2025-10-22T16:05:16","modified_gmt":"2025-10-22T20:05:16","slug":"politique-de-confidentialite","status":"publish","type":"page","link":"https:\/\/westendmetals.ca\/fr\/politique-de-confidentialite\/","title":{"rendered":"Politique de Confidentialit\u00e9"},"content":{"rendered":"\t\t<div data-elementor-type=\"wp-page\" data-elementor-id=\"2200\" class=\"elementor elementor-2200 elementor-2172\" data-elementor-post-type=\"page\">\n\t\t\t\t<div class=\"elementor-element elementor-element-5a70295 e-flex e-con-boxed e-con e-parent\" data-id=\"5a70295\" data-element_type=\"container\" data-e-type=\"container\">\n\t\t\t\t\t<div class=\"e-con-inner\">\n\t\t\t\t<div class=\"elementor-element elementor-element-76dc36c2 elementor-widget elementor-widget-text-editor\" data-id=\"76dc36c2\" data-element_type=\"widget\" data-e-type=\"widget\" data-widget_type=\"text-editor.default\">\n\t\t\t\t<div class=\"elementor-widget-container\">\n\t\t\t\t\t\t\t\t\t<h2 class=\"wp-block-heading\" style=\"text-align: center;\"><span style=\"text-decoration: underline;\">Politique de Confidentialit\u00e9 de Westend Metals Inc<\/span><\/h2><h1 style=\"text-align: left;\">Qui nous sommes<\/h1><p style=\"text-align: left;\">https:\/\/www.westendmetals.ca\u00a0<br \/>Type de site web : Commerce \u00e9lectronique<br \/>Date d&rsquo;entr\u00e9e en vigeur : Le 19 jour d&rsquo;Avril 2024<\/p><p style=\"text-align: left;\">www.westendmetals.ca l\u2019adresse du site est d\u00e9tenue et exploit\u00e9e par Kim Groulx.<\/p><p style=\"text-align: left;\">Kim Groulx peut \u00eatre contact\u00e9 \u00e0 :<\/p><p style=\"text-align: left;\">info@westendmetals.ca<br \/>(613) 890-3300<br \/>2729 Rue Marshwood, Carp, ON Canada K0A 1L0<\/p><h2 class=\"wp-block-heading\" style=\"text-align: left;\">Objectif<\/h2><p style=\"text-align: left;\">Le but de cette politique de confidentialit\u00e9 est d\u2019informer les utilisateurs de notre site des \u00e9l\u00e9ments suivants\u00a0:<\/p><p style=\"text-align: left;\">1. Les donn\u00e9es personnelles que nous collecterons ;<br \/>2. Utilisation des donn\u00e9es recueillies;<br \/>3. Qui a acc\u00e8s aux donn\u00e9es collect\u00e9es ;<br \/>4. Les droits des utilisateurs du Site ; et<br \/>5. La politique de cookies du site.<br \/>Cette politique de confidentialit\u00e9 s\u2019applique en plus des termes et conditions de notre site.<\/p><h2 class=\"wp-block-heading\" style=\"text-align: left;\">Consentement<\/h2><p class=\"wp-block-heading\" style=\"text-align: left;\">En utilisant notre site, les utilisateurs acceptent de\u00a0:<\/p><p class=\"wp-block-heading\" style=\"text-align: left;\">1. Les conditions \u00e9nonc\u00e9es dans la pr\u00e9sente politique de confidentialit\u00e9; et<br \/>2. La collecte, l\u2019utilisation et la conservation des donn\u00e9es \u00e9num\u00e9r\u00e9es dans cette politique de confidentialit\u00e9.<\/p><h2 style=\"text-align: left;\">Comment nous utilisons les donn\u00e9es personnelles<\/h2><p style=\"text-align: left;\">Les donn\u00e9es collect\u00e9es sur notre site ne seront utilis\u00e9es qu\u2019aux fins sp\u00e9cifi\u00e9es dans la pr\u00e9sente politique de confidentialit\u00e9 ou indiqu\u00e9es sur les pages concern\u00e9es de notre site.<\/p><p style=\"text-align: left;\">Nous n\u2019utiliserons pas vos donn\u00e9es au-del\u00e0 de ce que nous divulguons dans cette politique de confidentialit\u00e9.<\/p><h2 class=\"wp-block-heading\" style=\"text-align: left;\">&lsquo;Cookies&rsquo;<\/h2><p style=\"text-align: left;\">Un cookie est un petit fichier, stock\u00e9 sur le disque dur d\u2019un utilisateur par un site web. Son but est de collecter des donn\u00e9es relatives aux habitudes de navigation de l\u2019utilisateur. Vous pouvez choisir d\u2019\u00eatre averti chaque fois qu\u2019un cookie est transmis. Vous pouvez \u00e9galement choisir de d\u00e9sactiver enti\u00e8rement les cookies dans votre navigateur internet, mais cela peut diminuer la qualit\u00e9 de votre exp\u00e9rience utilisateur.<\/p><p style=\"text-align: left;\">Nous utilisons les types de cookies suivants sur notre site\u00a0:<\/p><p>1. Cookies de tiers<br \/>Les cookies tiers sont cr\u00e9\u00e9s par un site Web autre que le n\u00f4tre. Nous pouvons utiliser des cookies tiers pour atteindre les objectifs suivants\u00a0:<\/p><p>a. Surveiller les pr\u00e9f\u00e9rences des utilisateurs pour adapter les publicit\u00e9s en fonction de leurs int\u00e9r\u00eats.<\/p><h2 class=\"wp-block-heading\" style=\"text-align: left;\">Contenu int\u00e9gr\u00e9 provenant d\u2019autres sites web<\/h2><p style=\"text-align: left;\">Les articles sur ce site peuvent inclure du contenu int\u00e9gr\u00e9 (par exemple, des vid\u00e9os, des images, des articles, etc.). Le contenu int\u00e9gr\u00e9 d\u2019autres sites se comporte exactement de la m\u00eame mani\u00e8re que si le visiteur avait visit\u00e9 l\u2019autre site.<\/p><p style=\"text-align: left;\">Ces sites peuvent collecter des donn\u00e9es vous concernant, utiliser des cookies, int\u00e9grer un suivi suppl\u00e9mentaire de tiers et surveiller votre interaction avec ce contenu int\u00e9gr\u00e9, y compris le suivi de votre interaction avec le contenu int\u00e9gr\u00e9 si vous avez un compte et \u00eates connect\u00e9 \u00e0 ce site.<\/p><h2 class=\"wp-block-heading\" style=\"text-align: left;\">Divulgation des donn\u00e9es personnelles<\/h2><p style=\"text-align: left;\">Nous pouvons divulguer les donn\u00e9es utilisateur \u00e0 tout membre de notre organisation qui a raisonnablement besoin d\u2019acc\u00e9der aux donn\u00e9es utilisateur pour atteindre les objectifs \u00e9nonc\u00e9s dans la pr\u00e9sente Politique de confidentialit\u00e9.<\/p><h2 class=\"wp-block-heading\" style=\"text-align: left;\">Protection des donn\u00e9es personnelles<\/h2><p class=\"wp-block-heading\" style=\"text-align: left;\">Pour prot\u00e9ger votre s\u00e9curit\u00e9, nous utilisons le cryptage de navigateur le plus puissant disponible et stockons toutes nos donn\u00e9es sur des serveurs dans des installations s\u00e9curis\u00e9es. Toutes les donn\u00e9es ne sont accessibles qu\u2019\u00e0 nos employ\u00e9s.<\/p><p class=\"wp-block-heading\" style=\"text-align: left;\">Nos employ\u00e9s sont li\u00e9s par des accords de confidentialit\u00e9 stricts et une violation de cet accord entra\u00eenerait le licenciement de l\u2019employ\u00e9. Bien que nous prenions toutes les pr\u00e9cautions raisonnables pour garantir que les donn\u00e9es des utilisateurs sont s\u00e9curis\u00e9es et que les utilisateurs sont prot\u00e9g\u00e9s, il reste toujours le risque de mal.<\/p><p class=\"wp-block-heading\" style=\"text-align: left;\">L\u2019Internet dans son ensemble peut parfois ne pas \u00eatre s\u00e9curis\u00e9 et, par cons\u00e9quent, nous ne pouvons pas garantir la s\u00e9curit\u00e9 des donn\u00e9es utilisateur au-del\u00e0 de ce qui est raisonnablement pratique.<\/p><h2 class=\"wp-block-heading\" style=\"text-align: left;\">Combien de temps nous conservons vos donn\u00e9es personnelles<\/h2><p class=\"wp-block-heading\" style=\"text-align: left;\">Les donn\u00e9es de l\u2019utilisateur seront stock\u00e9es jusqu\u2019\u00e0 ce que le but pour lequel les donn\u00e9es ont \u00e9t\u00e9 collect\u00e9es ait \u00e9t\u00e9 atteint. Vous serez inform\u00e9 si vos donn\u00e9es sont conserv\u00e9es au-del\u00e0 de cette p\u00e9riode.<\/p><h2 style=\"text-align: left;\">Collecte de donn\u00e9es personnelles pour les enfants<\/h2><p style=\"text-align: left;\">Nous ne collectons ni n\u2019utilisons sciemment les donn\u00e9es personnelles d\u2019enfants de moins de 13 ans. Si nous apprenons que<br \/>nous avons collect\u00e9 des donn\u00e9es personnelles d\u2019un enfant de moins de 13 ans, les donn\u00e9es personnelles seront supprim\u00e9es d\u00e8s que possible. Si un enfant de moins de 13 ans nous a fourni des donn\u00e9es personnelles, son parent ou tuteur peut contacter notre responsable de la confidentialit\u00e9.<\/p><h2 style=\"text-align: left;\">Comment acc\u00e9der, modifier, supprimer ou contester les donn\u00e9es collect\u00e9es<\/h2><p style=\"text-align: left;\">Si vous souhaitez savoir si nous avons collect\u00e9 vos donn\u00e9es personnelles, comment nous les avons utilis\u00e9es, si nous avons divulgu\u00e9 vos donn\u00e9es personnelles et \u00e0 qui nous les avons divulgu\u00e9es, ou si vous souhaite que vos donn\u00e9es soient supprim\u00e9es ou modifi\u00e9es de quelque mani\u00e8re que ce soit, veuillez contacter notre responsable de la confidentialit\u00e9 ici\u00a0:<\/p><p style=\"text-align: left;\">Kim Groulx<br \/>info@westendmetals.ca<br \/>(613) 890-3300<br \/>2729 Marshwood Rd. CARP Ontario Canada K0A 1L0<\/p><h2 style=\"text-align: left;\">Modifications de la politique<\/h2><p style=\"text-align: left;\">Cette politique de confidentialit\u00e9 peut \u00eatre modifi\u00e9e de temps \u00e0 autre afin de maintenir la conformit\u00e9 avec la loi et pour refl\u00e9ter tout changement dans notre processus de collecte de donn\u00e9es.<\/p><p style=\"text-align: left;\">Lorsque nous modifions cette politique de confidentialit\u00e9, nous mettrons \u00e0 jour la \u00ab\u00a0date d\u2019entr\u00e9e en vigueur\u00a0\u00bb en haut de cette politique de confidentialit\u00e9. Nous recommandons \u00e0 nos utilisateurs de consulter p\u00e9riodiquement notre politique de confidentialit\u00e9 pour s\u2019assurer qu\u2019ils sont inform\u00e9s de toute mise \u00e0 jour. Si n\u00e9cessaire, nous pouvons informer les utilisateurs par e-mail des modifications apport\u00e9es \u00e0 cette politique de confidentialit\u00e9.<\/p><h2>Autres divulgations<\/h2><p style=\"text-align: left;\">Nous ne vendrons ni ne partagerons vos donn\u00e9es avec d\u2019autres tiers, sauf dans les cas suivants\u00a0:<br \/>1. Si la loi l\u2019exige ;<br \/>2. Si cela est requis pour toute proc\u00e9dure judiciaire ;<br \/>3. Pour prouver ou prot\u00e9ger nos droits l\u00e9gaux ; et<br \/>4. Aux acheteurs ou acheteurs potentiels de cette entreprise dans le cas o\u00f9 nous cherchions \u00e0 vendre l\u2019entreprise.<\/p><p style=\"text-align: left;\">Si vous suivez des hyperliens de notre site vers un autre site, veuillez noter que nous ne sommes pas responsables et n\u2019avons aucun contr\u00f4le sur leurs politiques et pratiques de confidentialit\u00e9.<\/p><h2 style=\"text-align: left;\">Coordonn\u00e9es<\/h2><p style=\"text-align: left;\">Si vous avez des questions, des pr\u00e9occupations ou des plaintes, vous pouvez communiquer avec notre responsable de la protection de la vie priv\u00e9e, Kim Groulx, \u00e0\u00a0:<\/p><p style=\"text-align: left;\">\u00a92023-2025 Westend Metals Inc\u00ae<br \/>info@westendmetals.ca<br \/>(613) 890-3300<br \/>2729 Rue Marshwood, Carp, ON Canada K0A 1L0<\/p>\t\t\t\t\t\t\t\t<\/div>\n\t\t\t\t<\/div>\n\t\t\t\t\t<\/div>\n\t\t\t\t<\/div>\n\t\t\t\t<\/div>\n\t\t","protected":false},"excerpt":{"rendered":"<p>Politique de Confidentialit\u00e9 de Westend Metals Inc Qui nous sommes https:\/\/www.westendmetals.ca Type de site web : Commerce \u00e9lectronique Date d&rsquo;entr\u00e9e en vigeur : Le 19 jour d&rsquo;Avril 2024 www.westendmetals.ca l\u2019adresse du site est d\u00e9tenue et exploit\u00e9e par Kim Groulx. Kim Groulx peut \u00eatre contact\u00e9 \u00e0 : info@westendmetals.ca (613) 890-3300 2729 Rue Marshwood, Carp, ON Canada [&hellip;]<\/p>\n","protected":false},"author":2,"featured_media":0,"parent":0,"menu_order":1,"comment_status":"closed","ping_status":"closed","template":"elementor_canvas","meta":{"_seopress_robots_primary_cat":"","_seopress_titles_title":"%%post_title%% %%sep%% %%sitetitle%%","_seopress_titles_desc":"We value your privacy. Learn exactly how we handle your personal data. Review our Privacy Policy for details on data collection, use, and your privacy rights.","_seopress_robots_index":"","inline_featured_image":false,"footnotes":""},"class_list":["post-2200","page","type-page","status-publish","hentry"],"_links":{"self":[{"href":"https:\/\/westendmetals.ca\/fr\/wp-json\/wp\/v2\/pages\/2200","targetHints":{"allow":["GET"]}}],"collection":[{"href":"https:\/\/westendmetals.ca\/fr\/wp-json\/wp\/v2\/pages"}],"about":[{"href":"https:\/\/westendmetals.ca\/fr\/wp-json\/wp\/v2\/types\/page"}],"author":[{"embeddable":true,"href":"https:\/\/westendmetals.ca\/fr\/wp-json\/wp\/v2\/users\/2"}],"replies":[{"embeddable":true,"href":"https:\/\/westendmetals.ca\/fr\/wp-json\/wp\/v2\/comments?post=2200"}],"version-history":[{"count":15,"href":"https:\/\/westendmetals.ca\/fr\/wp-json\/wp\/v2\/pages\/2200\/revisions"}],"predecessor-version":[{"id":2217,"href":"https:\/\/westendmetals.ca\/fr\/wp-json\/wp\/v2\/pages\/2200\/revisions\/2217"}],"wp:attachment":[{"href":"https:\/\/westendmetals.ca\/fr\/wp-json\/wp\/v2\/media?parent=2200"}],"curies":[{"name":"wp","href":"https:\/\/api.w.org\/{rel}","templated":true}]}}